{"id":38666,"date":"2025-06-05T09:42:15","date_gmt":"2025-06-05T09:42:15","guid":{"rendered":"https:\/\/www.seobility.net\/?page_id=38666"},"modified":"2026-04-17T09:16:21","modified_gmt":"2026-04-17T09:16:21","slug":"frontpage-placeholder","status":"publish","type":"page","link":"https:\/\/www.seobility.net\/fr\/","title":{"rendered":"Frontpage (placeholder)"},"content":{"rendered":"","protected":false},"excerpt":{"rendered":"","protected":false},"author":36,"featured_media":0,"parent":0,"menu_order":0,"comment_status":"closed","ping_status":"closed","template":"","meta":{"_acf_changed":false,"inline_featured_image":false,"footnotes":""},"class_list":["post-38666","page","type-page","status-publish","hentry"],"acf":[],"yoast_head":"<!-- This site is optimized with the Yoast SEO plugin v27.2 - https:\/\/yoast.com\/product\/yoast-seo-wordpress\/ -->\n<title>Seobility : logiciel et outils SEO en ligne pour de meilleurs classements<\/title>\n<meta name=\"description\" content=\"Am\u00e9liorez votre positionnement sur Google et g\u00e9n\u00e9rez plus de trafic vers votre site web avec la plateforme SEO tout-en-un de Seobility. Tr\u00e8s bien not\u00e9e \u2713 Facile \u00e0 utiliser \u2713 Essai gratuit de 14 jours \u2713\" \/>\n<meta name=\"robots\" content=\"noindex, follow\" \/>\n<meta property=\"og:locale\" content=\"fr_FR\" \/>\n<meta property=\"og:type\" content=\"article\" \/>\n<meta property=\"og:title\" content=\"Seobility : logiciel et outils SEO en ligne pour de meilleurs classements\" \/>\n<meta property=\"og:description\" content=\"Am\u00e9liorez votre positionnement sur Google et g\u00e9n\u00e9rez plus de trafic vers votre site web avec la plateforme SEO tout-en-un de Seobility. Tr\u00e8s bien not\u00e9e \u2713 Facile \u00e0 utiliser \u2713 Essai gratuit de 14 jours \u2713\" \/>\n<meta property=\"og:url\" content=\"https:\/\/www.seobility.net\/fr\/\" \/>\n<meta property=\"og:site_name\" content=\"Seobility\" \/>\n<meta property=\"article:publisher\" content=\"https:\/\/www.facebook.com\/seobility.net\/\" \/>\n<meta property=\"article:modified_time\" content=\"2026-04-17T09:16:21+00:00\" \/>\n<meta property=\"og:image\" content=\"https:\/\/www.seobility.net\/wp-content\/uploads\/2025\/06\/seobility-og-image.png\" \/>\n\t<meta property=\"og:image:width\" content=\"1200\" \/>\n\t<meta property=\"og:image:height\" content=\"630\" \/>\n\t<meta property=\"og:image:type\" content=\"image\/png\" \/>\n<meta name=\"twitter:card\" content=\"summary_large_image\" \/>\n<meta name=\"twitter:site\" content=\"@seobility_net\" \/>\n<script type=\"application\/ld+json\" class=\"yoast-schema-graph\">{\"@context\":\"https:\/\/schema.org\",\"@graph\":[{\"@type\":\"WebPage\",\"@id\":\"https:\/\/www.seobility.net\/fr\/\",\"url\":\"https:\/\/www.seobility.net\/fr\/\",\"name\":\"Seobility : logiciel et outils SEO en ligne pour de meilleurs classements\",\"isPartOf\":{\"@id\":\"https:\/\/www.seobility.net\/fr\/#website\"},\"datePublished\":\"2025-06-05T09:42:15+00:00\",\"dateModified\":\"2026-04-17T09:16:21+00:00\",\"description\":\"Am\u00e9liorez votre positionnement sur Google et g\u00e9n\u00e9rez plus de trafic vers votre site web avec la plateforme SEO tout-en-un de Seobility. Tr\u00e8s bien not\u00e9e \u2713 Facile \u00e0 utiliser \u2713 Essai gratuit de 14 jours \u2713\",\"breadcrumb\":{\"@id\":\"https:\/\/www.seobility.net\/fr\/#breadcrumb\"},\"inLanguage\":\"fr-FR\",\"potentialAction\":[{\"@type\":\"ReadAction\",\"target\":[\"https:\/\/www.seobility.net\/fr\/\"]}]},{\"@type\":\"BreadcrumbList\",\"@id\":\"https:\/\/www.seobility.net\/fr\/#breadcrumb\",\"itemListElement\":[{\"@type\":\"ListItem\",\"position\":1,\"name\":\"Home\",\"item\":\"https:\/\/www.seobility.net\/fr\/\"},{\"@type\":\"ListItem\",\"position\":2,\"name\":\"Frontpage (placeholder)\",\"item\":\"https:\/\/www.seobility.net\/fr\/wp-json\/wp\/v2\/pages\/38666\/\"}]},{\"@type\":\"WebSite\",\"@id\":\"https:\/\/www.seobility.net\/fr\/#website\",\"url\":\"https:\/\/www.seobility.net\/fr\/\",\"name\":\"Seobility\",\"description\":\"Online SEO Software &amp; Tools For Better Rankings\",\"potentialAction\":[{\"@type\":\"SearchAction\",\"target\":{\"@type\":\"EntryPoint\",\"urlTemplate\":\"https:\/\/www.seobility.net\/fr\/?s={search_term_string}\"},\"query-input\":{\"@type\":\"PropertyValueSpecification\",\"valueRequired\":true,\"valueName\":\"search_term_string\"}}],\"inLanguage\":\"fr-FR\"}]}<\/script>\n<!-- \/ Yoast SEO plugin. -->","yoast_head_json":{"title":"Seobility : logiciel et outils SEO en ligne pour de meilleurs classements","description":"Am\u00e9liorez votre positionnement sur Google et g\u00e9n\u00e9rez plus de trafic vers votre site web avec la plateforme SEO tout-en-un de Seobility. Tr\u00e8s bien not\u00e9e \u2713 Facile \u00e0 utiliser \u2713 Essai gratuit de 14 jours \u2713","robots":{"index":"noindex","follow":"follow"},"og_locale":"fr_FR","og_type":"article","og_title":"Seobility : logiciel et outils SEO en ligne pour de meilleurs classements","og_description":"Am\u00e9liorez votre positionnement sur Google et g\u00e9n\u00e9rez plus de trafic vers votre site web avec la plateforme SEO tout-en-un de Seobility. Tr\u00e8s bien not\u00e9e \u2713 Facile \u00e0 utiliser \u2713 Essai gratuit de 14 jours \u2713","og_url":"https:\/\/www.seobility.net\/fr\/","og_site_name":"Seobility","article_publisher":"https:\/\/www.facebook.com\/seobility.net\/","article_modified_time":"2026-04-17T09:16:21+00:00","og_image":[{"width":1200,"height":630,"url":"https:\/\/www.seobility.net\/wp-content\/uploads\/2025\/06\/seobility-og-image.png","type":"image\/png"}],"twitter_card":"summary_large_image","twitter_site":"@seobility_net","schema":{"@context":"https:\/\/schema.org","@graph":[{"@type":"WebPage","@id":"https:\/\/www.seobility.net\/fr\/","url":"https:\/\/www.seobility.net\/fr\/","name":"Seobility : logiciel et outils SEO en ligne pour de meilleurs classements","isPartOf":{"@id":"https:\/\/www.seobility.net\/fr\/#website"},"datePublished":"2025-06-05T09:42:15+00:00","dateModified":"2026-04-17T09:16:21+00:00","description":"Am\u00e9liorez votre positionnement sur Google et g\u00e9n\u00e9rez plus de trafic vers votre site web avec la plateforme SEO tout-en-un de Seobility. Tr\u00e8s bien not\u00e9e \u2713 Facile \u00e0 utiliser \u2713 Essai gratuit de 14 jours \u2713","breadcrumb":{"@id":"https:\/\/www.seobility.net\/fr\/#breadcrumb"},"inLanguage":"fr-FR","potentialAction":[{"@type":"ReadAction","target":["https:\/\/www.seobility.net\/fr\/"]}]},{"@type":"BreadcrumbList","@id":"https:\/\/www.seobility.net\/fr\/#breadcrumb","itemListElement":[{"@type":"ListItem","position":1,"name":"Home","item":"https:\/\/www.seobility.net\/fr\/"},{"@type":"ListItem","position":2,"name":"Frontpage (placeholder)","item":"https:\/\/www.seobility.net\/fr\/wp-json\/wp\/v2\/pages\/38666\/"}]},{"@type":"WebSite","@id":"https:\/\/www.seobility.net\/fr\/#website","url":"https:\/\/www.seobility.net\/fr\/","name":"Seobility","description":"Online SEO Software &amp; Tools For Better Rankings","potentialAction":[{"@type":"SearchAction","target":{"@type":"EntryPoint","urlTemplate":"https:\/\/www.seobility.net\/fr\/?s={search_term_string}"},"query-input":{"@type":"PropertyValueSpecification","valueRequired":true,"valueName":"search_term_string"}}],"inLanguage":"fr-FR"}]}},"_links":{"self":[{"href":"https:\/\/www.seobility.net\/fr\/wp-json\/wp\/v2\/pages\/38666","targetHints":{"allow":["GET"]}}],"collection":[{"href":"https:\/\/www.seobility.net\/fr\/wp-json\/wp\/v2\/pages"}],"about":[{"href":"https:\/\/www.seobility.net\/fr\/wp-json\/wp\/v2\/types\/page"}],"author":[{"embeddable":true,"href":"https:\/\/www.seobility.net\/fr\/wp-json\/wp\/v2\/users\/36"}],"replies":[{"embeddable":true,"href":"https:\/\/www.seobility.net\/fr\/wp-json\/wp\/v2\/comments?post=38666"}],"version-history":[{"count":1,"href":"https:\/\/www.seobility.net\/fr\/wp-json\/wp\/v2\/pages\/38666\/revisions"}],"predecessor-version":[{"id":38667,"href":"https:\/\/www.seobility.net\/fr\/wp-json\/wp\/v2\/pages\/38666\/revisions\/38667"}],"wp:attachment":[{"href":"https:\/\/www.seobility.net\/fr\/wp-json\/wp\/v2\/media?parent=38666"}],"curies":[{"name":"wp","href":"https:\/\/api.w.org\/{rel}","templated":true}]}}