{"id":32106,"date":"2025-03-11T15:38:35","date_gmt":"2025-03-11T15:38:35","guid":{"rendered":"https:\/\/www.seobility.net\/?page_id=32106"},"modified":"2025-10-15T16:46:39","modified_gmt":"2025-10-15T16:46:39","slug":"lp-start-free","status":"publish","type":"page","link":"https:\/\/www.seobility.net\/es\/lp\/start-free\/","title":{"rendered":"LP Start Free"},"content":{"rendered":"","protected":false},"excerpt":{"rendered":"","protected":false},"author":19,"featured_media":0,"parent":32266,"menu_order":0,"comment_status":"closed","ping_status":"closed","template":"template-landing-page.php","meta":{"_acf_changed":false,"inline_featured_image":false,"footnotes":""},"class_list":["post-32106","page","type-page","status-publish","hentry"],"acf":[],"yoast_head":"<!-- This site is optimized with the Yoast SEO plugin v27.5 - https:\/\/yoast.com\/product\/yoast-seo-wordpress\/ -->\n<title>Software SEO de Seobility: el m\u00e1s f\u00e1cil de usar + registro gratuito<\/title>\n<meta name=\"description\" content=\"Optimiza tu web, conquista Google y atrae m\u00e1s tr\u00e1fico con el Software SEO todo en uno de Seobility | \u2714 F\u00e1cil de usar \u2714 Rank Tracker \u2714 An\u00e1lisis de Backlinks\" \/>\n<meta name=\"robots\" content=\"noindex, follow\" \/>\n<meta property=\"og:locale\" content=\"es_ES\" \/>\n<meta property=\"og:type\" content=\"article\" \/>\n<meta property=\"og:title\" content=\"Software SEO de Seobility: el m\u00e1s f\u00e1cil de usar + registro gratuito\" \/>\n<meta property=\"og:description\" content=\"Optimiza tu web, conquista Google y atrae m\u00e1s tr\u00e1fico con el Software SEO todo en uno de Seobility | \u2714 F\u00e1cil de usar \u2714 Rank Tracker \u2714 An\u00e1lisis de Backlinks\" \/>\n<meta property=\"og:url\" content=\"https:\/\/www.seobility.net\/es\/lp\/start-free\/\" \/>\n<meta property=\"og:site_name\" content=\"Seobility\" \/>\n<meta property=\"article:publisher\" content=\"https:\/\/www.facebook.com\/seobility.net\/\" \/>\n<meta property=\"article:modified_time\" content=\"2025-10-15T16:46:39+00:00\" \/>\n<meta property=\"og:image\" content=\"https:\/\/www.seobility.net\/wp-content\/uploads\/2025\/06\/seobility-og-image.png\" \/>\n\t<meta property=\"og:image:width\" content=\"1200\" \/>\n\t<meta property=\"og:image:height\" content=\"630\" \/>\n\t<meta property=\"og:image:type\" content=\"image\/png\" \/>\n<meta name=\"twitter:card\" content=\"summary_large_image\" \/>\n<meta name=\"twitter:site\" content=\"@seobility_net\" \/>\n<script type=\"application\/ld+json\" class=\"yoast-schema-graph\">{\"@context\":\"https:\\\/\\\/schema.org\",\"@graph\":[{\"@type\":\"WebPage\",\"@id\":\"https:\\\/\\\/www.seobility.net\\\/es\\\/lp\\\/start-free\\\/\",\"url\":\"https:\\\/\\\/www.seobility.net\\\/es\\\/lp\\\/start-free\\\/\",\"name\":\"Software SEO de Seobility: el m\u00e1s f\u00e1cil de usar + registro gratuito\",\"isPartOf\":{\"@id\":\"https:\\\/\\\/www.seobility.net\\\/es\\\/#website\"},\"datePublished\":\"2025-03-11T15:38:35+00:00\",\"dateModified\":\"2025-10-15T16:46:39+00:00\",\"description\":\"Optimiza tu web, conquista Google y atrae m\u00e1s tr\u00e1fico con el Software SEO todo en uno de Seobility | \u2714 F\u00e1cil de usar \u2714 Rank Tracker \u2714 An\u00e1lisis de Backlinks\",\"breadcrumb\":{\"@id\":\"https:\\\/\\\/www.seobility.net\\\/es\\\/lp\\\/start-free\\\/#breadcrumb\"},\"inLanguage\":\"es\",\"potentialAction\":[{\"@type\":\"ReadAction\",\"target\":[\"https:\\\/\\\/www.seobility.net\\\/es\\\/lp\\\/start-free\\\/\"]}]},{\"@type\":\"BreadcrumbList\",\"@id\":\"https:\\\/\\\/www.seobility.net\\\/es\\\/lp\\\/start-free\\\/#breadcrumb\",\"itemListElement\":[{\"@type\":\"ListItem\",\"position\":1,\"name\":\"Home\",\"item\":\"https:\\\/\\\/www.seobility.net\\\/es\\\/\"},{\"@type\":\"ListItem\",\"position\":2,\"name\":\"LP\",\"item\":\"https:\\\/\\\/www.seobility.net\\\/es\\\/lp\\\/\"},{\"@type\":\"ListItem\",\"position\":3,\"name\":\"LP Start Free\",\"item\":\"https:\\\/\\\/www.seobility.net\\\/es\\\/wp-json\\\/wp\\\/v2\\\/pages\\\/32106\\\/\"}]},{\"@type\":\"WebSite\",\"@id\":\"https:\\\/\\\/www.seobility.net\\\/es\\\/#website\",\"url\":\"https:\\\/\\\/www.seobility.net\\\/es\\\/\",\"name\":\"Seobility\",\"description\":\"Online SEO Software &amp; Tools For Better Rankings\",\"potentialAction\":[{\"@type\":\"SearchAction\",\"target\":{\"@type\":\"EntryPoint\",\"urlTemplate\":\"https:\\\/\\\/www.seobility.net\\\/es\\\/?s={search_term_string}\"},\"query-input\":{\"@type\":\"PropertyValueSpecification\",\"valueRequired\":true,\"valueName\":\"search_term_string\"}}],\"inLanguage\":\"es\"}]}<\/script>\n<!-- \/ Yoast SEO plugin. -->","yoast_head_json":{"title":"Software SEO de Seobility: el m\u00e1s f\u00e1cil de usar + registro gratuito","description":"Optimiza tu web, conquista Google y atrae m\u00e1s tr\u00e1fico con el Software SEO todo en uno de Seobility | \u2714 F\u00e1cil de usar \u2714 Rank Tracker \u2714 An\u00e1lisis de Backlinks","robots":{"index":"noindex","follow":"follow"},"og_locale":"es_ES","og_type":"article","og_title":"Software SEO de Seobility: el m\u00e1s f\u00e1cil de usar + registro gratuito","og_description":"Optimiza tu web, conquista Google y atrae m\u00e1s tr\u00e1fico con el Software SEO todo en uno de Seobility | \u2714 F\u00e1cil de usar \u2714 Rank Tracker \u2714 An\u00e1lisis de Backlinks","og_url":"https:\/\/www.seobility.net\/es\/lp\/start-free\/","og_site_name":"Seobility","article_publisher":"https:\/\/www.facebook.com\/seobility.net\/","article_modified_time":"2025-10-15T16:46:39+00:00","og_image":[{"width":1200,"height":630,"url":"https:\/\/www.seobility.net\/wp-content\/uploads\/2025\/06\/seobility-og-image.png","type":"image\/png"}],"twitter_card":"summary_large_image","twitter_site":"@seobility_net","schema":{"@context":"https:\/\/schema.org","@graph":[{"@type":"WebPage","@id":"https:\/\/www.seobility.net\/es\/lp\/start-free\/","url":"https:\/\/www.seobility.net\/es\/lp\/start-free\/","name":"Software SEO de Seobility: el m\u00e1s f\u00e1cil de usar + registro gratuito","isPartOf":{"@id":"https:\/\/www.seobility.net\/es\/#website"},"datePublished":"2025-03-11T15:38:35+00:00","dateModified":"2025-10-15T16:46:39+00:00","description":"Optimiza tu web, conquista Google y atrae m\u00e1s tr\u00e1fico con el Software SEO todo en uno de Seobility | \u2714 F\u00e1cil de usar \u2714 Rank Tracker \u2714 An\u00e1lisis de Backlinks","breadcrumb":{"@id":"https:\/\/www.seobility.net\/es\/lp\/start-free\/#breadcrumb"},"inLanguage":"es","potentialAction":[{"@type":"ReadAction","target":["https:\/\/www.seobility.net\/es\/lp\/start-free\/"]}]},{"@type":"BreadcrumbList","@id":"https:\/\/www.seobility.net\/es\/lp\/start-free\/#breadcrumb","itemListElement":[{"@type":"ListItem","position":1,"name":"Home","item":"https:\/\/www.seobility.net\/es\/"},{"@type":"ListItem","position":2,"name":"LP","item":"https:\/\/www.seobility.net\/es\/lp\/"},{"@type":"ListItem","position":3,"name":"LP Start Free","item":"https:\/\/www.seobility.net\/es\/wp-json\/wp\/v2\/pages\/32106\/"}]},{"@type":"WebSite","@id":"https:\/\/www.seobility.net\/es\/#website","url":"https:\/\/www.seobility.net\/es\/","name":"Seobility","description":"Online SEO Software &amp; Tools For Better Rankings","potentialAction":[{"@type":"SearchAction","target":{"@type":"EntryPoint","urlTemplate":"https:\/\/www.seobility.net\/es\/?s={search_term_string}"},"query-input":{"@type":"PropertyValueSpecification","valueRequired":true,"valueName":"search_term_string"}}],"inLanguage":"es"}]}},"_links":{"self":[{"href":"https:\/\/www.seobility.net\/es\/wp-json\/wp\/v2\/pages\/32106","targetHints":{"allow":["GET"]}}],"collection":[{"href":"https:\/\/www.seobility.net\/es\/wp-json\/wp\/v2\/pages"}],"about":[{"href":"https:\/\/www.seobility.net\/es\/wp-json\/wp\/v2\/types\/page"}],"author":[{"embeddable":true,"href":"https:\/\/www.seobility.net\/es\/wp-json\/wp\/v2\/users\/19"}],"replies":[{"embeddable":true,"href":"https:\/\/www.seobility.net\/es\/wp-json\/wp\/v2\/comments?post=32106"}],"version-history":[{"count":0,"href":"https:\/\/www.seobility.net\/es\/wp-json\/wp\/v2\/pages\/32106\/revisions"}],"up":[{"embeddable":true,"href":"https:\/\/www.seobility.net\/es\/wp-json\/wp\/v2\/pages\/32266"}],"wp:attachment":[{"href":"https:\/\/www.seobility.net\/es\/wp-json\/wp\/v2\/media?parent=32106"}],"curies":[{"name":"wp","href":"https:\/\/api.w.org\/{rel}","templated":true}]}}