{"id":30955,"date":"2024-03-27T16:41:38","date_gmt":"2024-03-27T16:41:38","guid":{"rendered":"https:\/\/www.seobility.net\/?page_id=30955"},"modified":"2026-03-06T17:36:04","modified_gmt":"2026-03-06T17:36:04","slug":"precios","status":"publish","type":"page","link":"https:\/\/www.seobility.net\/es\/precios\/","title":{"rendered":"Precios y Suscripciones"},"content":{"rendered":"","protected":false},"excerpt":{"rendered":"","protected":false},"author":19,"featured_media":0,"parent":0,"menu_order":0,"comment_status":"closed","ping_status":"closed","template":"template-pricing.php","meta":{"_acf_changed":false,"inline_featured_image":false,"footnotes":""},"class_list":["post-30955","page","type-page","status-publish","hentry"],"acf":[],"yoast_head":"<!-- This site is optimized with the Yoast SEO plugin v27.2 - https:\/\/yoast.com\/product\/yoast-seo-wordpress\/ -->\n<title>Seobility: conoce nuestras Herramientas, Precios y Suscripciones<\/title>\n<meta name=\"description\" content=\"En Seobility puedes elegir una suscripci\u00f3n a tu medida: B\u00e1sica, Premium o Agencia + planes mensuales o anuales con descuentos del 20%. M\u00e1s info aqu\u00ed.\" \/>\n<meta name=\"robots\" content=\"index, follow, max-snippet:-1, max-image-preview:large, max-video-preview:-1\" \/>\n<link rel=\"canonical\" href=\"https:\/\/www.seobility.net\/es\/precios\/\" \/>\n<meta property=\"og:locale\" content=\"es_ES\" \/>\n<meta property=\"og:type\" content=\"article\" \/>\n<meta property=\"og:title\" content=\"Seobility: conoce nuestras Herramientas, Precios y Suscripciones\" \/>\n<meta property=\"og:description\" content=\"En Seobility puedes elegir una suscripci\u00f3n a tu medida: B\u00e1sica, Premium o Agencia + planes mensuales o anuales con descuentos del 20%. M\u00e1s info aqu\u00ed.\" \/>\n<meta property=\"og:url\" content=\"https:\/\/www.seobility.net\/es\/precios\/\" \/>\n<meta property=\"og:site_name\" content=\"Seobility\" \/>\n<meta property=\"article:publisher\" content=\"https:\/\/www.facebook.com\/seobility.net\/\" \/>\n<meta property=\"article:modified_time\" content=\"2026-03-06T17:36:04+00:00\" \/>\n<meta property=\"og:image\" content=\"https:\/\/www.seobility.net\/wp-content\/uploads\/2025\/06\/seobility-og-image.png\" \/>\n\t<meta property=\"og:image:width\" content=\"1200\" \/>\n\t<meta property=\"og:image:height\" content=\"630\" \/>\n\t<meta property=\"og:image:type\" content=\"image\/png\" \/>\n<meta name=\"twitter:card\" content=\"summary_large_image\" \/>\n<meta name=\"twitter:site\" content=\"@seobility_net\" \/>\n<script type=\"application\/ld+json\" class=\"yoast-schema-graph\">{\"@context\":\"https:\/\/schema.org\",\"@graph\":[{\"@type\":\"WebPage\",\"@id\":\"https:\/\/www.seobility.net\/es\/precios\/\",\"url\":\"https:\/\/www.seobility.net\/es\/precios\/\",\"name\":\"Seobility: conoce nuestras Herramientas, Precios y Suscripciones\",\"isPartOf\":{\"@id\":\"https:\/\/www.seobility.net\/es\/#website\"},\"datePublished\":\"2024-03-27T16:41:38+00:00\",\"dateModified\":\"2026-03-06T17:36:04+00:00\",\"description\":\"En Seobility puedes elegir una suscripci\u00f3n a tu medida: B\u00e1sica, Premium o Agencia + planes mensuales o anuales con descuentos del 20%. M\u00e1s info aqu\u00ed.\",\"breadcrumb\":{\"@id\":\"https:\/\/www.seobility.net\/es\/precios\/#breadcrumb\"},\"inLanguage\":\"es\",\"potentialAction\":[{\"@type\":\"ReadAction\",\"target\":[\"https:\/\/www.seobility.net\/es\/precios\/\"]}]},{\"@type\":\"BreadcrumbList\",\"@id\":\"https:\/\/www.seobility.net\/es\/precios\/#breadcrumb\",\"itemListElement\":[{\"@type\":\"ListItem\",\"position\":1,\"name\":\"Home\",\"item\":\"https:\/\/www.seobility.net\/es\/\"},{\"@type\":\"ListItem\",\"position\":2,\"name\":\"Precios y Suscripciones\",\"item\":\"https:\/\/www.seobility.net\/es\/wp-json\/wp\/v2\/pages\/30955\/\"}]},{\"@type\":\"WebSite\",\"@id\":\"https:\/\/www.seobility.net\/es\/#website\",\"url\":\"https:\/\/www.seobility.net\/es\/\",\"name\":\"Seobility\",\"description\":\"Online SEO Software &amp; Tools For Better Rankings\",\"potentialAction\":[{\"@type\":\"SearchAction\",\"target\":{\"@type\":\"EntryPoint\",\"urlTemplate\":\"https:\/\/www.seobility.net\/es\/?s={search_term_string}\"},\"query-input\":{\"@type\":\"PropertyValueSpecification\",\"valueRequired\":true,\"valueName\":\"search_term_string\"}}],\"inLanguage\":\"es\"}]}<\/script>\n<!-- \/ Yoast SEO plugin. -->","yoast_head_json":{"title":"Seobility: conoce nuestras Herramientas, Precios y Suscripciones","description":"En Seobility puedes elegir una suscripci\u00f3n a tu medida: B\u00e1sica, Premium o Agencia + planes mensuales o anuales con descuentos del 20%. M\u00e1s info aqu\u00ed.","robots":{"index":"index","follow":"follow","max-snippet":"max-snippet:-1","max-image-preview":"max-image-preview:large","max-video-preview":"max-video-preview:-1"},"canonical":"https:\/\/www.seobility.net\/es\/precios\/","og_locale":"es_ES","og_type":"article","og_title":"Seobility: conoce nuestras Herramientas, Precios y Suscripciones","og_description":"En Seobility puedes elegir una suscripci\u00f3n a tu medida: B\u00e1sica, Premium o Agencia + planes mensuales o anuales con descuentos del 20%. M\u00e1s info aqu\u00ed.","og_url":"https:\/\/www.seobility.net\/es\/precios\/","og_site_name":"Seobility","article_publisher":"https:\/\/www.facebook.com\/seobility.net\/","article_modified_time":"2026-03-06T17:36:04+00:00","og_image":[{"width":1200,"height":630,"url":"https:\/\/www.seobility.net\/wp-content\/uploads\/2025\/06\/seobility-og-image.png","type":"image\/png"}],"twitter_card":"summary_large_image","twitter_site":"@seobility_net","schema":{"@context":"https:\/\/schema.org","@graph":[{"@type":"WebPage","@id":"https:\/\/www.seobility.net\/es\/precios\/","url":"https:\/\/www.seobility.net\/es\/precios\/","name":"Seobility: conoce nuestras Herramientas, Precios y Suscripciones","isPartOf":{"@id":"https:\/\/www.seobility.net\/es\/#website"},"datePublished":"2024-03-27T16:41:38+00:00","dateModified":"2026-03-06T17:36:04+00:00","description":"En Seobility puedes elegir una suscripci\u00f3n a tu medida: B\u00e1sica, Premium o Agencia + planes mensuales o anuales con descuentos del 20%. M\u00e1s info aqu\u00ed.","breadcrumb":{"@id":"https:\/\/www.seobility.net\/es\/precios\/#breadcrumb"},"inLanguage":"es","potentialAction":[{"@type":"ReadAction","target":["https:\/\/www.seobility.net\/es\/precios\/"]}]},{"@type":"BreadcrumbList","@id":"https:\/\/www.seobility.net\/es\/precios\/#breadcrumb","itemListElement":[{"@type":"ListItem","position":1,"name":"Home","item":"https:\/\/www.seobility.net\/es\/"},{"@type":"ListItem","position":2,"name":"Precios y Suscripciones","item":"https:\/\/www.seobility.net\/es\/wp-json\/wp\/v2\/pages\/30955\/"}]},{"@type":"WebSite","@id":"https:\/\/www.seobility.net\/es\/#website","url":"https:\/\/www.seobility.net\/es\/","name":"Seobility","description":"Online SEO Software &amp; Tools For Better Rankings","potentialAction":[{"@type":"SearchAction","target":{"@type":"EntryPoint","urlTemplate":"https:\/\/www.seobility.net\/es\/?s={search_term_string}"},"query-input":{"@type":"PropertyValueSpecification","valueRequired":true,"valueName":"search_term_string"}}],"inLanguage":"es"}]}},"_links":{"self":[{"href":"https:\/\/www.seobility.net\/es\/wp-json\/wp\/v2\/pages\/30955","targetHints":{"allow":["GET"]}}],"collection":[{"href":"https:\/\/www.seobility.net\/es\/wp-json\/wp\/v2\/pages"}],"about":[{"href":"https:\/\/www.seobility.net\/es\/wp-json\/wp\/v2\/types\/page"}],"author":[{"embeddable":true,"href":"https:\/\/www.seobility.net\/es\/wp-json\/wp\/v2\/users\/19"}],"replies":[{"embeddable":true,"href":"https:\/\/www.seobility.net\/es\/wp-json\/wp\/v2\/comments?post=30955"}],"version-history":[{"count":5,"href":"https:\/\/www.seobility.net\/es\/wp-json\/wp\/v2\/pages\/30955\/revisions"}],"predecessor-version":[{"id":37770,"href":"https:\/\/www.seobility.net\/es\/wp-json\/wp\/v2\/pages\/30955\/revisions\/37770"}],"wp:attachment":[{"href":"https:\/\/www.seobility.net\/es\/wp-json\/wp\/v2\/media?parent=30955"}],"curies":[{"name":"wp","href":"https:\/\/api.w.org\/{rel}","templated":true}]}}