{"id":30942,"date":"2024-04-17T10:36:43","date_gmt":"2024-04-17T10:36:43","guid":{"rendered":"https:\/\/www.seobility.net\/?page_id=30942"},"modified":"2025-03-04T14:09:58","modified_gmt":"2025-03-04T14:09:58","slug":"aviso-legal","status":"publish","type":"page","link":"https:\/\/www.seobility.net\/es\/aviso-legal\/","title":{"rendered":"Aviso legal"},"content":{"rendered":"\r\n<h2 class=\"wp-block-heading margin-top-title\">Responsable de Seobility.net<\/h2>\r\n\r\n\r\n\r\n<div class=\"wp-block-columns imprint-info is-layout-flex wp-container-core-columns-is-layout-9d6595d7 wp-block-columns-is-layout-flex\">\r\n<div class=\"wp-block-column is-layout-flow wp-block-column-is-layout-flow\">\r\n<h3 class=\"wp-block-heading\"><strong>seobility GmbH<\/strong><\/h3>\r\n\r\n\r\n\r\n<p>Willy-Brandt-Platz 16<br>90402 N\u00faremberg<br>Alemania<\/p>\r\n<\/div>\r\n\r\n\r\n\r\n<div class=\"wp-block-column is-layout-flow wp-block-column-is-layout-flow\">\r\n<h3 class=\"wp-block-heading\"><strong>Director General:<\/strong><\/h3>\r\n\r\n\r\n\r\n<p>Matthias Lugert<\/p>\r\n<\/div>\r\n<\/div>\r\n\r\n\r\n\r\n<h2 class=\"wp-block-heading margin-top-title\">Datos de contacto<\/h2>\r\n\r\n\r\n\r\n<div class=\"wp-block-group\"><div class=\"wp-block-group__inner-container is-layout-constrained wp-block-group-is-layout-constrained\">\r\n<div class=\"wp-block-group\"><div class=\"wp-block-group__inner-container is-layout-constrained wp-block-group-is-layout-constrained\">\r\n<div class=\"wp-block-columns is-layout-flex wp-container-core-columns-is-layout-9d6595d7 wp-block-columns-is-layout-flex\">\r\n<div class=\"wp-block-column is-layout-flow wp-block-column-is-layout-flow\" style=\"flex-basis:100%\">\r\n<figure class=\"wp-block-table contact-details-table\"><table class=\"has-fixed-layout\"><tbody><tr><td><strong>Tel\u00e9fono:<\/strong><\/td><td>+49 (0) 911 23756261<\/td><\/tr><tr><td><strong>Fax:<\/strong><\/td><td>+49 (0) 911 99287499<\/td><\/tr><tr><td><strong>Email:<\/strong><\/td><td><a href=\"mailto:info@seobility.net\">info@seobility.net<\/a><\/td><\/tr><\/tbody><\/table><\/figure>\r\n<\/div>\r\n<\/div>\r\n<\/div><\/div>\r\n<\/div><\/div>\r\n\r\n\r\n\r\n<h2 class=\"wp-block-heading margin-top-title\">Datos bancarios<\/h2>\r\n\r\n\r\n\r\n<div class=\"wp-block-group\"><div class=\"wp-block-group__inner-container is-layout-constrained wp-block-group-is-layout-constrained\">\r\n<div class=\"wp-block-group\"><div class=\"wp-block-group__inner-container is-layout-constrained wp-block-group-is-layout-constrained\">\r\n<div class=\"wp-block-columns is-layout-flex wp-container-core-columns-is-layout-9d6595d7 wp-block-columns-is-layout-flex\">\r\n<div class=\"wp-block-column is-layout-flow wp-block-column-is-layout-flow\" style=\"flex-basis:100%\">\r\n<figure class=\"wp-block-table contact-details-table margin-table\"><table class=\"has-fixed-layout\"><tbody><tr><td><strong>N\u00famero de cuenta:<\/strong><\/td><td>12212551<\/td><\/tr><tr><td><strong>C\u00f3digo bancario:<\/strong><\/td><td>76050101<\/td><\/tr><tr><td><strong>Entidad bancaria:<\/strong><\/td><td>Sparkasse N\u00fcrnberg<\/td><\/tr><tr><td><\/td><td><\/td><\/tr><tr><td><strong>IBAN:<\/strong><\/td><td>DE58 7605 0101 0012 2125 51<\/td><\/tr><tr><td><strong>BIC:<\/strong><\/td><td>SSKNDE77XXX<\/td><\/tr><tr><td><strong>Identificador SEPA:<\/strong><\/td><td>DE04ZZZ00001491369<\/td><\/tr><\/tbody><\/table><\/figure>\r\n\r\n\r\n\r\n<h2 class=\"wp-block-heading margin-top-title\">Registro fiscal y comercial<\/h2>\r\n\r\n\r\n\r\n<figure class=\"wp-block-table contact-details-table\"><table class=\"has-fixed-layout\"><tbody><tr><td><strong>CIF de empresa:<\/strong><\/td><td>DE 272712190<\/td><\/tr><tr><td><strong>Registrante:<\/strong><\/td><td>Amtsgericht N\u00fcrnberg<\/td><\/tr><tr><td><strong>N\u00famero de registro:<\/strong><\/td><td>HRB 26545<\/td><\/tr><\/tbody><\/table><\/figure>\r\n\r\n\r\n\r\n<h2 class=\"wp-block-heading margin-top-title\">Responsable de los contenidos de acuerdo al reglamento alem\u00e1n: art\u00edculo 55 p\u00e1rr. 2 del RSt<\/h2>\r\n<\/div>\r\n<\/div>\r\n<\/div><\/div>\r\n<\/div><\/div>\r\n\r\n\r\n\r\n<p>Matthias Lugert, Willy-Brandt-Platz 16, 90402 N\u00faremberg, Alemania<\/p>\r\n\r\n\r\n\r\n<p>Este aviso legal tambi\u00e9n se aplica a:<\/p>\r\n\r\n\r\n\r\n<ul class=\"wp-block-list\">\r\n<li>seobility.net<\/li>\r\n\r\n\r\n\r\n<li>backlink-tool.org<\/li>\r\n\r\n\r\n\r\n<li>howmuchtorank.com<\/li>\r\n\r\n\r\n\r\n<li>wdfidf-tool.com<\/li>\r\n\r\n\r\n\r\n<li>w-fragen-tool.com<\/li>\r\n\r\n\r\n\r\n<li>keyword-tools.org<\/li>\r\n<\/ul>\r\n\r\n\r\n\r\n<h2 class=\"wp-block-heading margin-top-title\">Responsabilidad de los contenidos<\/h2>\r\n\r\n\r\n\r\n<p>Los contenidos de nuestras p\u00e1ginas se han elaborado con el mayor cuidado. No obstante, no podemos asumir ninguna responsabilidad por la veracidad, la integridad y la vigencia de los mismos. Como proveedor de servicios, somos responsables de nuestros propios contenidos en estas p\u00e1ginas de acuerdo con la legislaci\u00f3n general, seg\u00fan el art\u00edculo 7, apartado 1 de la Ley Alemana de Telecomunicaciones (TMG). Sin embargo, de acuerdo con los art\u00edculos 8 a 10 de la TMG, no estamos obligados a monitorear la informaci\u00f3n externa transmitida o almacenada ni a investigar circunstancias que puedan indicar actividades ilegales. La obligaci\u00f3n de eliminar o bloquear el uso de informaci\u00f3n seg\u00fan la legislaci\u00f3n general no se ver\u00e1 afectada. Solo podemos asumir responsabilidad a partir de la fecha en que tengamos conocimiento de una violaci\u00f3n espec\u00edfica de la ley. Si tenemos conocimiento de alguna infracci\u00f3n legal, eliminaremos de inmediato dichos contenidos.<\/p>\r\n\r\n\r\n\r\n<p><\/p>\r\n\r\n\r\n\r\n<h2 class=\"wp-block-heading margin-top-title\">Responsabilidad de los enlaces<\/h2>\r\n\r\n\r\n\r\n<p>Nuestra oferta contiene enlaces a sitios web externos de terceros, sobre cuyos contenidos no tenemos ning\u00fan tipo de control. Por este motivo, no podemos asumir ninguna responsabilidad por el contenido de dichos enlaces. El proveedor u operador de las p\u00e1ginas enlazadas es siempre el responsable de sus contenidos. Las p\u00e1ginas enlazadas fueron revisadas en el momento de su enlace para detectar posibles infracciones legales. En el momento de incluir sus enlaces no se detect\u00f3 ninguna infracci\u00f3n en el contenido. No obstante, no es razonable un control continuo del contenido de las p\u00e1ginas enlazadas sin indicios concretos de una infracci\u00f3n legal. Si tenemos conocimiento de alguna infracci\u00f3n de la ley, eliminaremos dichos enlaces de inmediato.<\/p>\r\n\r\n\r\n\r\n<p><\/p>\r\n\r\n\r\n\r\n<h2 class=\"wp-block-heading margin-top-title\">Derechos de autor\u00eda<\/h2>\r\n\r\n\r\n\r\n<p>Los contenidos y obras creados por los operadores del sitio en estas p\u00e1ginas est\u00e1n sujetos a la ley alemana de derechos de autor\u00eda. El material de terceros est\u00e1 indicado como tal. Cualquier reproducci\u00f3n, adaptaci\u00f3n, distribuci\u00f3n o cualquier otro uso fuera del alcance de la ley de derechos de autor requerir\u00e1 el consentimiento por escrito del respectivo autor o creador. Este sitio solo puede ser descargado y copiado para fines privados y no comerciales.<\/p>\r\n\r\n\r\n\r\n<h2 class=\"wp-block-heading margin-top-title\">Cr\u00e9ditos de las im\u00e1genes<\/h2>\r\n\r\n\r\n\r\n<p>businesswoman \u00a9: sepy Fotolia<br>SeoAPI: Iconos creados por <a href=\"https:\/\/www.flaticon.com\/authors\/maxim-basinski-premium\">Maxim Basinski<\/a> en Flaticon.com<br>SEO Cloud Image por \u00abcreativeart\u00bb en <a href=\"https:\/\/www.freepik.com\">www.freepik.com<\/a><br>Marketing Infographic por \u00abeightonesix\u00bb en <a href=\"https:\/\/www.freepik.com\">www.freepik.com<\/a><br>Recursos de im\u00e1genes por \u00abfreepik\u00bb en <a href=\"https:\/\/www.freepik.com\">www.freepik.com<\/a>, como se indica en las im\u00e1genes.<br>Recursos de im\u00e1genes por Picjumbo &#8211; <a href=\"https:\/\/www.picjumbo.com\">www.picjumbo.com<\/a> como se indica en las im\u00e1genes.<br>Longtail Keywords \u00a9: \u00abfatmawati achmad zaenuri\u00bb en Shutterstock<\/p>\r\n","protected":false},"excerpt":{"rendered":"<p>Responsable de Seobility.net seobility GmbH Willy-Brandt-Platz 1690402 N\u00farembergAlemania Director General: Matthias Lugert Datos de contacto Tel\u00e9fono: +49 (0) 911 23756261 Fax: +49 (0) 911 99287499 Email: info@seobility.net Datos bancarios N\u00famero de cuenta: 12212551 C\u00f3digo bancario: 76050101 Entidad bancaria: Sparkasse N\u00fcrnberg IBAN: DE58 7605 0101 0012 2125 51 BIC: SSKNDE77XXX Identificador SEPA: DE04ZZZ00001491369 Registro fiscal y [&hellip;]<\/p>\n","protected":false},"author":19,"featured_media":0,"parent":0,"menu_order":0,"comment_status":"closed","ping_status":"closed","template":"","meta":{"_acf_changed":false,"inline_featured_image":false,"footnotes":""},"class_list":["post-30942","page","type-page","status-publish","hentry"],"acf":[],"yoast_head":"<!-- This site is optimized with the Yoast SEO plugin v27.2 - https:\/\/yoast.com\/product\/yoast-seo-wordpress\/ -->\n<title>Aviso legal &#8211; Seobility<\/title>\n<meta name=\"robots\" content=\"noindex, follow\" \/>\n<meta property=\"og:locale\" content=\"es_ES\" \/>\n<meta property=\"og:type\" content=\"article\" \/>\n<meta property=\"og:title\" content=\"Aviso legal &#8211; Seobility\" \/>\n<meta property=\"og:description\" content=\"Responsable de Seobility.net seobility GmbH Willy-Brandt-Platz 1690402 N\u00farembergAlemania Director General: Matthias Lugert Datos de contacto Tel\u00e9fono: +49 (0) 911 23756261 Fax: +49 (0) 911 99287499 Email: info@seobility.net Datos bancarios N\u00famero de cuenta: 12212551 C\u00f3digo bancario: 76050101 Entidad bancaria: Sparkasse N\u00fcrnberg IBAN: DE58 7605 0101 0012 2125 51 BIC: SSKNDE77XXX Identificador SEPA: DE04ZZZ00001491369 Registro fiscal y [&hellip;]\" \/>\n<meta property=\"og:url\" content=\"https:\/\/www.seobility.net\/es\/aviso-legal\/\" \/>\n<meta property=\"og:site_name\" content=\"Seobility\" \/>\n<meta property=\"article:publisher\" content=\"https:\/\/www.facebook.com\/seobility.net\/\" \/>\n<meta property=\"article:modified_time\" content=\"2025-03-04T14:09:58+00:00\" \/>\n<meta property=\"og:image\" content=\"https:\/\/www.seobility.net\/wp-content\/uploads\/2025\/06\/seobility-og-image.png\" \/>\n\t<meta property=\"og:image:width\" content=\"1200\" \/>\n\t<meta property=\"og:image:height\" content=\"630\" \/>\n\t<meta property=\"og:image:type\" content=\"image\/png\" \/>\n<meta name=\"twitter:card\" content=\"summary_large_image\" \/>\n<meta name=\"twitter:site\" content=\"@seobility_net\" \/>\n<meta name=\"twitter:label1\" content=\"Tiempo de lectura\" \/>\n\t<meta name=\"twitter:data1\" content=\"3 minutos\" \/>\n<script type=\"application\/ld+json\" class=\"yoast-schema-graph\">{\"@context\":\"https:\/\/schema.org\",\"@graph\":[{\"@type\":\"WebPage\",\"@id\":\"https:\/\/www.seobility.net\/es\/aviso-legal\/\",\"url\":\"https:\/\/www.seobility.net\/es\/aviso-legal\/\",\"name\":\"Aviso legal &#8211; Seobility\",\"isPartOf\":{\"@id\":\"https:\/\/www.seobility.net\/es\/#website\"},\"datePublished\":\"2024-04-17T10:36:43+00:00\",\"dateModified\":\"2025-03-04T14:09:58+00:00\",\"breadcrumb\":{\"@id\":\"https:\/\/www.seobility.net\/es\/aviso-legal\/#breadcrumb\"},\"inLanguage\":\"es\",\"potentialAction\":[{\"@type\":\"ReadAction\",\"target\":[\"https:\/\/www.seobility.net\/es\/aviso-legal\/\"]}]},{\"@type\":\"BreadcrumbList\",\"@id\":\"https:\/\/www.seobility.net\/es\/aviso-legal\/#breadcrumb\",\"itemListElement\":[{\"@type\":\"ListItem\",\"position\":1,\"name\":\"Home\",\"item\":\"https:\/\/www.seobility.net\/es\/\"},{\"@type\":\"ListItem\",\"position\":2,\"name\":\"Aviso legal\",\"item\":\"https:\/\/www.seobility.net\/es\/wp-json\/wp\/v2\/pages\/30942\/\"}]},{\"@type\":\"WebSite\",\"@id\":\"https:\/\/www.seobility.net\/es\/#website\",\"url\":\"https:\/\/www.seobility.net\/es\/\",\"name\":\"Seobility\",\"description\":\"Online SEO Software &amp; Tools For Better Rankings\",\"potentialAction\":[{\"@type\":\"SearchAction\",\"target\":{\"@type\":\"EntryPoint\",\"urlTemplate\":\"https:\/\/www.seobility.net\/es\/?s={search_term_string}\"},\"query-input\":{\"@type\":\"PropertyValueSpecification\",\"valueRequired\":true,\"valueName\":\"search_term_string\"}}],\"inLanguage\":\"es\"}]}<\/script>\n<!-- \/ Yoast SEO plugin. -->","yoast_head_json":{"title":"Aviso legal &#8211; Seobility","robots":{"index":"noindex","follow":"follow"},"og_locale":"es_ES","og_type":"article","og_title":"Aviso legal &#8211; Seobility","og_description":"Responsable de Seobility.net seobility GmbH Willy-Brandt-Platz 1690402 N\u00farembergAlemania Director General: Matthias Lugert Datos de contacto Tel\u00e9fono: +49 (0) 911 23756261 Fax: +49 (0) 911 99287499 Email: info@seobility.net Datos bancarios N\u00famero de cuenta: 12212551 C\u00f3digo bancario: 76050101 Entidad bancaria: Sparkasse N\u00fcrnberg IBAN: DE58 7605 0101 0012 2125 51 BIC: SSKNDE77XXX Identificador SEPA: DE04ZZZ00001491369 Registro fiscal y [&hellip;]","og_url":"https:\/\/www.seobility.net\/es\/aviso-legal\/","og_site_name":"Seobility","article_publisher":"https:\/\/www.facebook.com\/seobility.net\/","article_modified_time":"2025-03-04T14:09:58+00:00","og_image":[{"width":1200,"height":630,"url":"https:\/\/www.seobility.net\/wp-content\/uploads\/2025\/06\/seobility-og-image.png","type":"image\/png"}],"twitter_card":"summary_large_image","twitter_site":"@seobility_net","twitter_misc":{"Tiempo de lectura":"3 minutos"},"schema":{"@context":"https:\/\/schema.org","@graph":[{"@type":"WebPage","@id":"https:\/\/www.seobility.net\/es\/aviso-legal\/","url":"https:\/\/www.seobility.net\/es\/aviso-legal\/","name":"Aviso legal &#8211; Seobility","isPartOf":{"@id":"https:\/\/www.seobility.net\/es\/#website"},"datePublished":"2024-04-17T10:36:43+00:00","dateModified":"2025-03-04T14:09:58+00:00","breadcrumb":{"@id":"https:\/\/www.seobility.net\/es\/aviso-legal\/#breadcrumb"},"inLanguage":"es","potentialAction":[{"@type":"ReadAction","target":["https:\/\/www.seobility.net\/es\/aviso-legal\/"]}]},{"@type":"BreadcrumbList","@id":"https:\/\/www.seobility.net\/es\/aviso-legal\/#breadcrumb","itemListElement":[{"@type":"ListItem","position":1,"name":"Home","item":"https:\/\/www.seobility.net\/es\/"},{"@type":"ListItem","position":2,"name":"Aviso legal","item":"https:\/\/www.seobility.net\/es\/wp-json\/wp\/v2\/pages\/30942\/"}]},{"@type":"WebSite","@id":"https:\/\/www.seobility.net\/es\/#website","url":"https:\/\/www.seobility.net\/es\/","name":"Seobility","description":"Online SEO Software &amp; Tools For Better Rankings","potentialAction":[{"@type":"SearchAction","target":{"@type":"EntryPoint","urlTemplate":"https:\/\/www.seobility.net\/es\/?s={search_term_string}"},"query-input":{"@type":"PropertyValueSpecification","valueRequired":true,"valueName":"search_term_string"}}],"inLanguage":"es"}]}},"_links":{"self":[{"href":"https:\/\/www.seobility.net\/es\/wp-json\/wp\/v2\/pages\/30942","targetHints":{"allow":["GET"]}}],"collection":[{"href":"https:\/\/www.seobility.net\/es\/wp-json\/wp\/v2\/pages"}],"about":[{"href":"https:\/\/www.seobility.net\/es\/wp-json\/wp\/v2\/types\/page"}],"author":[{"embeddable":true,"href":"https:\/\/www.seobility.net\/es\/wp-json\/wp\/v2\/users\/19"}],"replies":[{"embeddable":true,"href":"https:\/\/www.seobility.net\/es\/wp-json\/wp\/v2\/comments?post=30942"}],"version-history":[{"count":0,"href":"https:\/\/www.seobility.net\/es\/wp-json\/wp\/v2\/pages\/30942\/revisions"}],"wp:attachment":[{"href":"https:\/\/www.seobility.net\/es\/wp-json\/wp\/v2\/media?parent=30942"}],"curies":[{"name":"wp","href":"https:\/\/api.w.org\/{rel}","templated":true}]}}