{"id":30931,"date":"2024-03-27T23:44:37","date_gmt":"2024-03-27T23:44:37","guid":{"rendered":"https:\/\/www.seobility.net\/?page_id=30931"},"modified":"2026-05-07T10:52:28","modified_gmt":"2026-05-07T10:52:28","slug":"auditoria-web","status":"publish","type":"page","link":"https:\/\/www.seobility.net\/es\/auditoria-web\/","title":{"rendered":"Auditor\u00eda Web"},"content":{"rendered":"","protected":false},"excerpt":{"rendered":"","protected":false},"author":19,"featured_media":0,"parent":0,"menu_order":0,"comment_status":"closed","ping_status":"closed","template":"template-feature-website-audit-tool.php","meta":{"_acf_changed":false,"inline_featured_image":false,"footnotes":""},"class_list":["post-30931","page","type-page","status-publish","hentry"],"acf":[],"yoast_head":"<!-- This site is optimized with the Yoast SEO plugin v27.5 - https:\/\/yoast.com\/product\/yoast-seo-wordpress\/ -->\n<title>Auditor\u00eda Web: An\u00e1lisis SEO T\u00e9cnico Completo de Seobility<\/title>\n<meta name=\"description\" content=\"Encuentra y corrige los problemas t\u00e9cnicos y de SEO que te est\u00e1n impidiendo posicionar mejor en Google. \u00a1F\u00e1cil de usar para profesionales y principiantes!\" \/>\n<meta name=\"robots\" content=\"index, follow, max-snippet:-1, max-image-preview:large, max-video-preview:-1\" \/>\n<link rel=\"canonical\" href=\"https:\/\/www.seobility.net\/es\/auditoria-web\/\" \/>\n<meta property=\"og:locale\" content=\"es_ES\" \/>\n<meta property=\"og:type\" content=\"article\" \/>\n<meta property=\"og:title\" content=\"Auditor\u00eda Web: An\u00e1lisis SEO T\u00e9cnico Completo de Seobility\" \/>\n<meta property=\"og:description\" content=\"Encuentra y corrige los problemas t\u00e9cnicos y de SEO que te est\u00e1n impidiendo posicionar mejor en Google. \u00a1F\u00e1cil de usar para profesionales y principiantes!\" \/>\n<meta property=\"og:url\" content=\"https:\/\/www.seobility.net\/es\/auditoria-web\/\" \/>\n<meta property=\"og:site_name\" content=\"Seobility\" \/>\n<meta property=\"article:publisher\" content=\"https:\/\/www.facebook.com\/seobility.net\/\" \/>\n<meta property=\"article:modified_time\" content=\"2026-05-07T10:52:28+00:00\" \/>\n<meta property=\"og:image\" content=\"https:\/\/www.seobility.net\/wp-content\/uploads\/2025\/06\/seobility-og-image.png\" \/>\n\t<meta property=\"og:image:width\" content=\"1200\" \/>\n\t<meta property=\"og:image:height\" content=\"630\" \/>\n\t<meta property=\"og:image:type\" content=\"image\/png\" \/>\n<meta name=\"twitter:card\" content=\"summary_large_image\" \/>\n<meta name=\"twitter:site\" content=\"@seobility_net\" \/>\n<script type=\"application\/ld+json\" class=\"yoast-schema-graph\">{\"@context\":\"https:\\\/\\\/schema.org\",\"@graph\":[{\"@type\":\"WebPage\",\"@id\":\"https:\\\/\\\/www.seobility.net\\\/es\\\/auditoria-web\\\/\",\"url\":\"https:\\\/\\\/www.seobility.net\\\/es\\\/auditoria-web\\\/\",\"name\":\"Auditor\u00eda Web: An\u00e1lisis SEO T\u00e9cnico Completo de Seobility\",\"isPartOf\":{\"@id\":\"https:\\\/\\\/www.seobility.net\\\/es\\\/#website\"},\"datePublished\":\"2024-03-27T23:44:37+00:00\",\"dateModified\":\"2026-05-07T10:52:28+00:00\",\"description\":\"Encuentra y corrige los problemas t\u00e9cnicos y de SEO que te est\u00e1n impidiendo posicionar mejor en Google. \u00a1F\u00e1cil de usar para profesionales y principiantes!\",\"breadcrumb\":{\"@id\":\"https:\\\/\\\/www.seobility.net\\\/es\\\/auditoria-web\\\/#breadcrumb\"},\"inLanguage\":\"es\",\"potentialAction\":[{\"@type\":\"ReadAction\",\"target\":[\"https:\\\/\\\/www.seobility.net\\\/es\\\/auditoria-web\\\/\"]}]},{\"@type\":\"BreadcrumbList\",\"@id\":\"https:\\\/\\\/www.seobility.net\\\/es\\\/auditoria-web\\\/#breadcrumb\",\"itemListElement\":[{\"@type\":\"ListItem\",\"position\":1,\"name\":\"Home\",\"item\":\"https:\\\/\\\/www.seobility.net\\\/es\\\/\"},{\"@type\":\"ListItem\",\"position\":2,\"name\":\"Auditor\u00eda Web\",\"item\":\"https:\\\/\\\/www.seobility.net\\\/es\\\/wp-json\\\/wp\\\/v2\\\/pages\\\/30931\\\/\"}]},{\"@type\":\"WebSite\",\"@id\":\"https:\\\/\\\/www.seobility.net\\\/es\\\/#website\",\"url\":\"https:\\\/\\\/www.seobility.net\\\/es\\\/\",\"name\":\"Seobility\",\"description\":\"Online SEO Software &amp; Tools For Better Rankings\",\"potentialAction\":[{\"@type\":\"SearchAction\",\"target\":{\"@type\":\"EntryPoint\",\"urlTemplate\":\"https:\\\/\\\/www.seobility.net\\\/es\\\/?s={search_term_string}\"},\"query-input\":{\"@type\":\"PropertyValueSpecification\",\"valueRequired\":true,\"valueName\":\"search_term_string\"}}],\"inLanguage\":\"es\"}]}<\/script>\n<!-- \/ Yoast SEO plugin. -->","yoast_head_json":{"title":"Auditor\u00eda Web: An\u00e1lisis SEO T\u00e9cnico Completo de Seobility","description":"Encuentra y corrige los problemas t\u00e9cnicos y de SEO que te est\u00e1n impidiendo posicionar mejor en Google. \u00a1F\u00e1cil de usar para profesionales y principiantes!","robots":{"index":"index","follow":"follow","max-snippet":"max-snippet:-1","max-image-preview":"max-image-preview:large","max-video-preview":"max-video-preview:-1"},"canonical":"https:\/\/www.seobility.net\/es\/auditoria-web\/","og_locale":"es_ES","og_type":"article","og_title":"Auditor\u00eda Web: An\u00e1lisis SEO T\u00e9cnico Completo de Seobility","og_description":"Encuentra y corrige los problemas t\u00e9cnicos y de SEO que te est\u00e1n impidiendo posicionar mejor en Google. \u00a1F\u00e1cil de usar para profesionales y principiantes!","og_url":"https:\/\/www.seobility.net\/es\/auditoria-web\/","og_site_name":"Seobility","article_publisher":"https:\/\/www.facebook.com\/seobility.net\/","article_modified_time":"2026-05-07T10:52:28+00:00","og_image":[{"width":1200,"height":630,"url":"https:\/\/www.seobility.net\/wp-content\/uploads\/2025\/06\/seobility-og-image.png","type":"image\/png"}],"twitter_card":"summary_large_image","twitter_site":"@seobility_net","schema":{"@context":"https:\/\/schema.org","@graph":[{"@type":"WebPage","@id":"https:\/\/www.seobility.net\/es\/auditoria-web\/","url":"https:\/\/www.seobility.net\/es\/auditoria-web\/","name":"Auditor\u00eda Web: An\u00e1lisis SEO T\u00e9cnico Completo de Seobility","isPartOf":{"@id":"https:\/\/www.seobility.net\/es\/#website"},"datePublished":"2024-03-27T23:44:37+00:00","dateModified":"2026-05-07T10:52:28+00:00","description":"Encuentra y corrige los problemas t\u00e9cnicos y de SEO que te est\u00e1n impidiendo posicionar mejor en Google. \u00a1F\u00e1cil de usar para profesionales y principiantes!","breadcrumb":{"@id":"https:\/\/www.seobility.net\/es\/auditoria-web\/#breadcrumb"},"inLanguage":"es","potentialAction":[{"@type":"ReadAction","target":["https:\/\/www.seobility.net\/es\/auditoria-web\/"]}]},{"@type":"BreadcrumbList","@id":"https:\/\/www.seobility.net\/es\/auditoria-web\/#breadcrumb","itemListElement":[{"@type":"ListItem","position":1,"name":"Home","item":"https:\/\/www.seobility.net\/es\/"},{"@type":"ListItem","position":2,"name":"Auditor\u00eda Web","item":"https:\/\/www.seobility.net\/es\/wp-json\/wp\/v2\/pages\/30931\/"}]},{"@type":"WebSite","@id":"https:\/\/www.seobility.net\/es\/#website","url":"https:\/\/www.seobility.net\/es\/","name":"Seobility","description":"Online SEO Software &amp; Tools For Better Rankings","potentialAction":[{"@type":"SearchAction","target":{"@type":"EntryPoint","urlTemplate":"https:\/\/www.seobility.net\/es\/?s={search_term_string}"},"query-input":{"@type":"PropertyValueSpecification","valueRequired":true,"valueName":"search_term_string"}}],"inLanguage":"es"}]}},"_links":{"self":[{"href":"https:\/\/www.seobility.net\/es\/wp-json\/wp\/v2\/pages\/30931","targetHints":{"allow":["GET"]}}],"collection":[{"href":"https:\/\/www.seobility.net\/es\/wp-json\/wp\/v2\/pages"}],"about":[{"href":"https:\/\/www.seobility.net\/es\/wp-json\/wp\/v2\/types\/page"}],"author":[{"embeddable":true,"href":"https:\/\/www.seobility.net\/es\/wp-json\/wp\/v2\/users\/19"}],"replies":[{"embeddable":true,"href":"https:\/\/www.seobility.net\/es\/wp-json\/wp\/v2\/comments?post=30931"}],"version-history":[{"count":2,"href":"https:\/\/www.seobility.net\/es\/wp-json\/wp\/v2\/pages\/30931\/revisions"}],"predecessor-version":[{"id":39440,"href":"https:\/\/www.seobility.net\/es\/wp-json\/wp\/v2\/pages\/30931\/revisions\/39440"}],"wp:attachment":[{"href":"https:\/\/www.seobility.net\/es\/wp-json\/wp\/v2\/media?parent=30931"}],"curies":[{"name":"wp","href":"https:\/\/api.w.org\/{rel}","templated":true}]}}