{"id":32426,"date":"2024-10-31T03:02:42","date_gmt":"2024-10-31T03:02:42","guid":{"rendered":"https:\/\/www.seobility.net\/?page_id=32426"},"modified":"2026-05-07T08:40:00","modified_gmt":"2026-05-07T08:40:00","slug":"seocheck-check","status":"publish","type":"page","link":"https:\/\/www.seobility.net\/de\/seocheck\/check\/","title":{"rendered":"SEO Check (results)"},"content":{"rendered":"","protected":false},"excerpt":{"rendered":"","protected":false},"author":33,"featured_media":0,"parent":0,"menu_order":0,"comment_status":"closed","ping_status":"closed","template":"template-results.php","meta":{"_acf_changed":false,"inline_featured_image":false,"footnotes":""},"class_list":["post-32426","page","type-page","status-publish","hentry"],"acf":[],"yoast_head":"<!-- This site is optimized with the Yoast SEO plugin v27.5 - https:\/\/yoast.com\/product\/yoast-seo-wordpress\/ -->\n<title>SEO Check | Teste kostenlos Deine Website mit Seobility<\/title>\n<meta name=\"description\" content=\"\u00dcberpr\u00fcfe Deine Webseite mit dem kostenlosen SEO Check von Seobility. Erhalte Tipps f\u00fcr eine bessere Suchmaschinenoptimierung.\" \/>\n<meta name=\"robots\" content=\"index, follow, max-snippet:-1, max-image-preview:large, max-video-preview:-1, noarchive\" \/>\n<link rel=\"canonical\" href=\"https:\/\/www.seobility.net\/de\/seocheck\/\" \/>\n<meta property=\"og:locale\" content=\"de_DE\" \/>\n<meta property=\"og:type\" content=\"article\" \/>\n<meta property=\"og:title\" content=\"SEO Check | Teste kostenlos Deine Website mit Seobility\" \/>\n<meta property=\"og:description\" content=\"\u00dcberpr\u00fcfe Deine Webseite mit dem kostenlosen SEO Check von Seobility. Erhalte Tipps f\u00fcr eine bessere Suchmaschinenoptimierung.\" \/>\n<meta property=\"og:url\" content=\"https:\/\/www.seobility.net\/de\/seocheck\/\" \/>\n<meta property=\"og:site_name\" content=\"Seobility\" \/>\n<meta property=\"article:publisher\" content=\"https:\/\/www.facebook.com\/seobility.net\/\" \/>\n<meta property=\"article:modified_time\" content=\"2026-05-07T08:40:00+00:00\" \/>\n<meta property=\"og:image\" content=\"https:\/\/www.seobility.net\/wp-content\/uploads\/2025\/06\/seobility-og-image.png\" \/>\n\t<meta property=\"og:image:width\" content=\"1200\" \/>\n\t<meta property=\"og:image:height\" content=\"630\" \/>\n\t<meta property=\"og:image:type\" content=\"image\/png\" \/>\n<meta name=\"twitter:card\" content=\"summary_large_image\" \/>\n<meta name=\"twitter:site\" content=\"@seobility_net\" \/>\n<script type=\"application\/ld+json\" class=\"yoast-schema-graph\">{\"@context\":\"https:\\\/\\\/schema.org\",\"@graph\":[{\"@type\":\"WebPage\",\"@id\":\"https:\\\/\\\/www.seobility.net\\\/de\\\/seocheck\\\/check\\\/\",\"url\":\"https:\\\/\\\/www.seobility.net\\\/de\\\/seocheck\\\/\",\"name\":\"SEO Check | Teste kostenlos Deine Website mit Seobility\",\"isPartOf\":{\"@id\":\"https:\\\/\\\/www.seobility.net\\\/de\\\/#website\"},\"datePublished\":\"2024-10-31T03:02:42+00:00\",\"dateModified\":\"2026-05-07T08:40:00+00:00\",\"description\":\"\u00dcberpr\u00fcfe Deine Webseite mit dem kostenlosen SEO Check von Seobility. Erhalte Tipps f\u00fcr eine bessere Suchmaschinenoptimierung.\",\"breadcrumb\":{\"@id\":\"https:\\\/\\\/www.seobility.net\\\/de\\\/seocheck\\\/#breadcrumb\"},\"inLanguage\":\"de-DE\",\"potentialAction\":[{\"@type\":\"ReadAction\",\"target\":[\"https:\\\/\\\/www.seobility.net\\\/de\\\/seocheck\\\/\"]}]},{\"@type\":\"BreadcrumbList\",\"@id\":\"https:\\\/\\\/www.seobility.net\\\/de\\\/seocheck\\\/#breadcrumb\",\"itemListElement\":[{\"@type\":\"ListItem\",\"position\":1,\"name\":\"Home\",\"item\":\"https:\\\/\\\/www.seobility.net\\\/de\\\/\"},{\"@type\":\"ListItem\",\"position\":2,\"name\":\"SEO Check (results)\",\"item\":\"https:\\\/\\\/www.seobility.net\\\/de\\\/wp-json\\\/wp\\\/v2\\\/pages\\\/32426\\\/\"}]},{\"@type\":\"WebSite\",\"@id\":\"https:\\\/\\\/www.seobility.net\\\/de\\\/#website\",\"url\":\"https:\\\/\\\/www.seobility.net\\\/de\\\/\",\"name\":\"Seobility\",\"description\":\"Online SEO Software &amp; Tools For Better Rankings\",\"potentialAction\":[{\"@type\":\"SearchAction\",\"target\":{\"@type\":\"EntryPoint\",\"urlTemplate\":\"https:\\\/\\\/www.seobility.net\\\/de\\\/?s={search_term_string}\"},\"query-input\":{\"@type\":\"PropertyValueSpecification\",\"valueRequired\":true,\"valueName\":\"search_term_string\"}}],\"inLanguage\":\"de-DE\"}]}<\/script>\n<!-- \/ Yoast SEO plugin. -->","yoast_head_json":{"title":"SEO Check | Teste kostenlos Deine Website mit Seobility","description":"\u00dcberpr\u00fcfe Deine Webseite mit dem kostenlosen SEO Check von Seobility. Erhalte Tipps f\u00fcr eine bessere Suchmaschinenoptimierung.","robots":{"index":"index","follow":"follow","max-snippet":"max-snippet:-1","max-image-preview":"max-image-preview:large","max-video-preview":"max-video-preview:-1","archive":"noarchive"},"canonical":"https:\/\/www.seobility.net\/de\/seocheck\/","og_locale":"de_DE","og_type":"article","og_title":"SEO Check | Teste kostenlos Deine Website mit Seobility","og_description":"\u00dcberpr\u00fcfe Deine Webseite mit dem kostenlosen SEO Check von Seobility. Erhalte Tipps f\u00fcr eine bessere Suchmaschinenoptimierung.","og_url":"https:\/\/www.seobility.net\/de\/seocheck\/","og_site_name":"Seobility","article_publisher":"https:\/\/www.facebook.com\/seobility.net\/","article_modified_time":"2026-05-07T08:40:00+00:00","og_image":[{"width":1200,"height":630,"url":"https:\/\/www.seobility.net\/wp-content\/uploads\/2025\/06\/seobility-og-image.png","type":"image\/png"}],"twitter_card":"summary_large_image","twitter_site":"@seobility_net","schema":{"@context":"https:\/\/schema.org","@graph":[{"@type":"WebPage","@id":"https:\/\/www.seobility.net\/de\/seocheck\/check\/","url":"https:\/\/www.seobility.net\/de\/seocheck\/","name":"SEO Check | Teste kostenlos Deine Website mit Seobility","isPartOf":{"@id":"https:\/\/www.seobility.net\/de\/#website"},"datePublished":"2024-10-31T03:02:42+00:00","dateModified":"2026-05-07T08:40:00+00:00","description":"\u00dcberpr\u00fcfe Deine Webseite mit dem kostenlosen SEO Check von Seobility. Erhalte Tipps f\u00fcr eine bessere Suchmaschinenoptimierung.","breadcrumb":{"@id":"https:\/\/www.seobility.net\/de\/seocheck\/#breadcrumb"},"inLanguage":"de-DE","potentialAction":[{"@type":"ReadAction","target":["https:\/\/www.seobility.net\/de\/seocheck\/"]}]},{"@type":"BreadcrumbList","@id":"https:\/\/www.seobility.net\/de\/seocheck\/#breadcrumb","itemListElement":[{"@type":"ListItem","position":1,"name":"Home","item":"https:\/\/www.seobility.net\/de\/"},{"@type":"ListItem","position":2,"name":"SEO Check (results)","item":"https:\/\/www.seobility.net\/de\/wp-json\/wp\/v2\/pages\/32426\/"}]},{"@type":"WebSite","@id":"https:\/\/www.seobility.net\/de\/#website","url":"https:\/\/www.seobility.net\/de\/","name":"Seobility","description":"Online SEO Software &amp; Tools For Better Rankings","potentialAction":[{"@type":"SearchAction","target":{"@type":"EntryPoint","urlTemplate":"https:\/\/www.seobility.net\/de\/?s={search_term_string}"},"query-input":{"@type":"PropertyValueSpecification","valueRequired":true,"valueName":"search_term_string"}}],"inLanguage":"de-DE"}]}},"_links":{"self":[{"href":"https:\/\/www.seobility.net\/de\/wp-json\/wp\/v2\/pages\/32426","targetHints":{"allow":["GET"]}}],"collection":[{"href":"https:\/\/www.seobility.net\/de\/wp-json\/wp\/v2\/pages"}],"about":[{"href":"https:\/\/www.seobility.net\/de\/wp-json\/wp\/v2\/types\/page"}],"author":[{"embeddable":true,"href":"https:\/\/www.seobility.net\/de\/wp-json\/wp\/v2\/users\/33"}],"replies":[{"embeddable":true,"href":"https:\/\/www.seobility.net\/de\/wp-json\/wp\/v2\/comments?post=32426"}],"version-history":[{"count":5,"href":"https:\/\/www.seobility.net\/de\/wp-json\/wp\/v2\/pages\/32426\/revisions"}],"predecessor-version":[{"id":39319,"href":"https:\/\/www.seobility.net\/de\/wp-json\/wp\/v2\/pages\/32426\/revisions\/39319"}],"wp:attachment":[{"href":"https:\/\/www.seobility.net\/de\/wp-json\/wp\/v2\/media?parent=32426"}],"curies":[{"name":"wp","href":"https:\/\/api.w.org\/{rel}","templated":true}]}}