{"id":30716,"date":"2024-04-17T10:36:43","date_gmt":"2024-04-17T10:36:43","guid":{"rendered":"https:\/\/www.seobility.net\/?page_id=30716"},"modified":"2025-01-09T09:48:04","modified_gmt":"2025-01-09T09:48:04","slug":"impressum","status":"publish","type":"page","link":"https:\/\/www.seobility.net\/de\/impressum\/","title":{"rendered":"Impressum"},"content":{"rendered":"\r\n<h2 class=\"wp-block-heading margin-top-title\">Anbieter und Betreiberdaten<\/h2>\r\n\r\n\r\n\r\n<div class=\"wp-block-columns imprint-info is-layout-flex wp-container-core-columns-is-layout-9d6595d7 wp-block-columns-is-layout-flex\">\r\n<div class=\"wp-block-column is-layout-flow wp-block-column-is-layout-flow\">\r\n<h3 class=\"wp-block-heading\"><strong>seobility GmbH<\/strong><\/h3>\r\n\r\n\r\n\r\n<p>Willy-Brandt-Platz 16<br>90402 N\u00fcrnberg<br>Deutschland \/ Germany<\/p>\r\n<\/div>\r\n\r\n\r\n\r\n<div class=\"wp-block-column is-layout-flow wp-block-column-is-layout-flow\">\r\n<h3 class=\"wp-block-heading\"><strong>Vertreten durch den Gesch\u00e4ftsf\u00fchrer:<\/strong><\/h3>\r\n\r\n\r\n\r\n<p>Matthias Lugert<\/p>\r\n<\/div>\r\n<\/div>\r\n\r\n\r\n\r\n<h2 class=\"wp-block-heading margin-top-title\">Kontakt Informationen<\/h2>\r\n\r\n\r\n\r\n<div class=\"wp-block-group\"><div class=\"wp-block-group__inner-container is-layout-constrained wp-block-group-is-layout-constrained\">\r\n<div class=\"wp-block-group\"><div class=\"wp-block-group__inner-container is-layout-constrained wp-block-group-is-layout-constrained\">\r\n<div class=\"wp-block-columns is-layout-flex wp-container-core-columns-is-layout-9d6595d7 wp-block-columns-is-layout-flex\">\r\n<div class=\"wp-block-column is-layout-flow wp-block-column-is-layout-flow\" style=\"flex-basis:100%\">\r\n<figure class=\"wp-block-table contact-details-table\"><table class=\"has-fixed-layout\"><tbody><tr><td><strong>Telefon:<\/strong><\/td><td>+49 911 23756261<\/td><\/tr><tr><td><strong>Fax:<\/strong><\/td><td>+49 911 99287499<\/td><\/tr><tr><td><strong>E-Mail:<\/strong><\/td><td><a href=\"mailto:info@seobility.net\">info@seobility.net<\/a><\/td><\/tr><\/tbody><\/table><\/figure>\r\n<\/div>\r\n<\/div>\r\n<\/div><\/div>\r\n<\/div><\/div>\r\n\r\n\r\n\r\n<h2 class=\"wp-block-heading margin-top-title\">Bankverbindung<\/h2>\r\n\r\n\r\n\r\n<div class=\"wp-block-group\"><div class=\"wp-block-group__inner-container is-layout-constrained wp-block-group-is-layout-constrained\">\r\n<div class=\"wp-block-group\"><div class=\"wp-block-group__inner-container is-layout-constrained wp-block-group-is-layout-constrained\">\r\n<div class=\"wp-block-columns is-layout-flex wp-container-core-columns-is-layout-9d6595d7 wp-block-columns-is-layout-flex\">\r\n<div class=\"wp-block-column is-layout-flow wp-block-column-is-layout-flow\" style=\"flex-basis:100%\">\r\n<figure class=\"wp-block-table contact-details-table margin-table\"><table class=\"has-fixed-layout\"><tbody><tr><td><strong>Kontonummer:<\/strong><\/td><td>12212551<\/td><\/tr><tr><td><strong>Bankleitzahl:<\/strong><\/td><td>76050101<\/td><\/tr><tr><td><strong>Institut:<\/strong><\/td><td>Sparkasse N\u00fcrnberg<\/td><\/tr><tr><td><\/td><td><\/td><\/tr><tr><td><strong>IBAN:<\/strong><\/td><td>DE58 7605 0101 0012 2125 51<\/td><\/tr><tr><td><strong>BIC:<\/strong><\/td><td>SSKNDE77XXX<\/td><\/tr><tr><td><strong>SEPA Gl\u00e4ubiger-ID:<\/strong><\/td><td>DE04ZZZ00001491369<\/td><\/tr><\/tbody><\/table><\/figure>\r\n\r\n\r\n\r\n<h2 class=\"wp-block-heading margin-top-title\">Steuer und Registereintrag<\/h2>\r\n\r\n\r\n\r\n<figure class=\"wp-block-table contact-details-table\"><table class=\"has-fixed-layout\"><tbody><tr><td><strong>USt-IdNr.:<\/strong><\/td><td>DE 272712190<\/td><\/tr><tr><td><strong>Registergericht:<\/strong><\/td><td>Amtsgericht N\u00fcrnberg<\/td><\/tr><tr><td><strong>HRB-Nr.:<\/strong><\/td><td>HRB 26545<\/td><\/tr><\/tbody><\/table><\/figure>\r\n\r\n\r\n\r\n<h2 class=\"wp-block-heading margin-top-title\">Verantwortlich f\u00fcr den Inhalt nach \u00a7 55 Abs. 2 RStV<\/h2>\r\n<\/div>\r\n<\/div>\r\n<\/div><\/div>\r\n<\/div><\/div>\r\n\r\n\r\n\r\n<p>Matthias Lugert, Willy-Brandt-Platz 16, 90402 N\u00fcrnberg<\/p>\r\n\r\n\r\n\r\n<p>Dieses Impressum gilt f\u00fcr:<\/p>\r\n\r\n\r\n\r\n<ul class=\"wp-block-list\">\r\n<li>seobility.net<\/li>\r\n\r\n\r\n\r\n<li>backlink-tool.org<\/li>\r\n\r\n\r\n\r\n<li>howmuchtorank.com<\/li>\r\n\r\n\r\n\r\n<li>wdfidf-tool.com<\/li>\r\n\r\n\r\n\r\n<li>w-fragen-tool.com<\/li>\r\n\r\n\r\n\r\n<li>keyword-tools.org<\/li>\r\n<\/ul>\r\n\r\n\r\n\r\n<h2 class=\"wp-block-heading margin-top-title\">Haftung f\u00fcr Inhalte<\/h2>\r\n\r\n\r\n\r\n<p>Die Inhalte unserer Seiten wurden mit gr\u00f6\u00dfter Sorgfalt erstellt. F\u00fcr die Richtigkeit, Vollst\u00e4ndigkeit und Aktualit\u00e4t der Inhalte k\u00f6nnen wir jedoch keine Gew\u00e4hr \u00fcbernehmen. Als Diensteanbieter sind wir gem\u00e4\u00df \u00a7 7 Abs.1 TMG f\u00fcr eigene Inhalte auf diesen Seiten nach den allgemeinen Gesetzen verantwortlich. Nach \u00a7\u00a7 8 bis 10 TMG sind wir als Diensteanbieter jedoch nicht verpflichtet, \u00fcbermittelte oder gespeicherte fremde Informationen zu \u00fcberwachen oder nach Umst\u00e4nden zu forschen, die auf eine rechtswidrige T\u00e4tigkeit hinweisen. Verpflichtungen zur Entfernung oder Sperrung der Nutzung von Informationen nach den allgemeinen Gesetzen bleiben hiervon unber\u00fchrt. Eine diesbez\u00fcgliche Haftung ist jedoch erst ab dem Zeitpunkt der Kenntnis einer konkreten Rechtsverletzung m\u00f6glich. Bei bekannt werden von entsprechenden Rechtsverletzungen werden wir diese Inhalte umgehend entfernen.<\/p>\r\n\r\n\r\n\r\n<p><\/p>\r\n\r\n\r\n\r\n<h2 class=\"wp-block-heading margin-top-title\">Haftung f\u00fcr Links<\/h2>\r\n\r\n\r\n\r\n<p>Unser Angebot enth\u00e4lt Links zu externen Webseiten Dritter, auf deren Inhalte wir keinen Einfluss haben. Deshalb k\u00f6nnen wir f\u00fcr diese fremden Inhalte auch keine Gew\u00e4hr \u00fcbernehmen. F\u00fcr die Inhalte der verlinkten Seiten ist stets der jeweilige Anbieter oder Betreiber der Seiten verantwortlich. Die verlinkten Seiten wurden zum Zeitpunkt der Verlinkung auf m\u00f6gliche Rechtsverst\u00f6\u00dfe \u00fcberpr\u00fcft. Rechtswidrige Inhalte waren zum Zeitpunkt der Verlinkung nicht erkennbar. Eine permanente inhaltliche Kontrolle der verlinkten Seiten ist jedoch ohne konkrete Anhaltspunkte einer Rechtsverletzung nicht zumutbar. Bei bekannt werden von Rechtsverletzungen werden wir derartige Links umgehend entfernen.<\/p>\r\n\r\n\r\n\r\n<p><\/p>\r\n\r\n\r\n\r\n<h2 class=\"wp-block-heading margin-top-title\">Urheberrecht<\/h2>\r\n\r\n\r\n\r\n<p>Die durch die Seitenbetreiber erstellten Inhalte und Werke auf diesen Seiten unterliegen dem deutschen Urheberrecht. Beitr\u00e4ge Dritter sind als solche gekennzeichnet. Die Vervielf\u00e4ltigung, Bearbeitung, Verbreitung und jede Art der Verwertung au\u00dferhalb der Grenzen des Urheberrechtes bed\u00fcrfen der schriftlichen Zustimmung des jeweiligen Autors bzw. Erstellers. Downloads und Kopien dieser Seite sind nur f\u00fcr den privaten, nicht kommerziellen Gebrauch gestattet.<\/p>\r\n\r\n\r\n\r\n<h2 class=\"wp-block-heading margin-top-title\">Fotocredit<\/h2>\r\n\r\n\r\n\r\n<p>businesswoman \u00a9: sepy Fotolia<br>SeoAPI: Icons made by <a href=\"https:\/\/www.flaticon.com\/authors\/maxim-basinski-premium\">Maxim Basinski<\/a> from Flaticon.com<br>Bilder Ressourcen von &#8222;freepik&#8220; von <a href=\"https:\/\/www.freepik.com\/free-photos-vectors\/\" target=\"_blank\">www.freepik.com<\/a> &#8211; wie auf den Bildern markiert.<br>SEO Cloud Image by &#8222;creativeart&#8220; on <a href=\"https:\/\/www.freepik.com\">www.freepik.com<\/a><br>Marketing Infographic by &#8222;eightonesix&#8220; on <a href=\"https:\/\/www.freepik.com\">www.freepik.com<\/a><br>Marketing Infografik von &#8222;eightonesix&#8220; von <a href=\"https:\/\/www.freepik.com\/free-photos-vectors\/\" target=\"_blank\">www.freepik.com<\/a><br>Bilder Ressourcen von Picjumbo &#8211; <a href=\"https:\/\/www.picjumbo.com\">www.picjumbo.com<\/a>, wie auf den Bildern markiert.<br>Longtail Keywords \u00a9: &#8222;fatmawati achmad zaenuri&#8220; on Shutterstock<\/p>\r\n","protected":false},"excerpt":{"rendered":"<p>Anbieter und Betreiberdaten seobility GmbH Willy-Brandt-Platz 1690402 N\u00fcrnbergDeutschland \/ Germany Vertreten durch den Gesch\u00e4ftsf\u00fchrer: Matthias Lugert Kontakt Informationen Telefon: +49 911 23756261 Fax: +49 911 99287499 E-Mail: info@seobility.net Bankverbindung Kontonummer: 12212551 Bankleitzahl: 76050101 Institut: Sparkasse N\u00fcrnberg IBAN: DE58 7605 0101 0012 2125 51 BIC: SSKNDE77XXX SEPA Gl\u00e4ubiger-ID: DE04ZZZ00001491369 Steuer und Registereintrag USt-IdNr.: DE 272712190 Registergericht: [&hellip;]<\/p>\n","protected":false},"author":33,"featured_media":0,"parent":0,"menu_order":0,"comment_status":"closed","ping_status":"closed","template":"","meta":{"_acf_changed":false,"inline_featured_image":false,"footnotes":""},"class_list":["post-30716","page","type-page","status-publish","hentry"],"acf":[],"yoast_head":"<!-- This site is optimized with the Yoast SEO plugin v27.2 - https:\/\/yoast.com\/product\/yoast-seo-wordpress\/ -->\n<title>Impressum &#8211; Seobility<\/title>\n<meta name=\"robots\" content=\"noindex, follow\" \/>\n<meta property=\"og:locale\" content=\"de_DE\" \/>\n<meta property=\"og:type\" content=\"article\" \/>\n<meta property=\"og:title\" content=\"Impressum &#8211; Seobility\" \/>\n<meta property=\"og:description\" content=\"Anbieter und Betreiberdaten seobility GmbH Willy-Brandt-Platz 1690402 N\u00fcrnbergDeutschland \/ Germany Vertreten durch den Gesch\u00e4ftsf\u00fchrer: Matthias Lugert Kontakt Informationen Telefon: +49 911 23756261 Fax: +49 911 99287499 E-Mail: info@seobility.net Bankverbindung Kontonummer: 12212551 Bankleitzahl: 76050101 Institut: Sparkasse N\u00fcrnberg IBAN: DE58 7605 0101 0012 2125 51 BIC: SSKNDE77XXX SEPA Gl\u00e4ubiger-ID: DE04ZZZ00001491369 Steuer und Registereintrag USt-IdNr.: DE 272712190 Registergericht: [&hellip;]\" \/>\n<meta property=\"og:url\" content=\"https:\/\/www.seobility.net\/de\/impressum\/\" \/>\n<meta property=\"og:site_name\" content=\"Seobility\" \/>\n<meta property=\"article:publisher\" content=\"https:\/\/www.facebook.com\/seobility.net\/\" \/>\n<meta property=\"article:modified_time\" content=\"2025-01-09T09:48:04+00:00\" \/>\n<meta property=\"og:image\" content=\"https:\/\/www.seobility.net\/wp-content\/uploads\/2025\/06\/seobility-og-image.png\" \/>\n\t<meta property=\"og:image:width\" content=\"1200\" \/>\n\t<meta property=\"og:image:height\" content=\"630\" \/>\n\t<meta property=\"og:image:type\" content=\"image\/png\" \/>\n<meta name=\"twitter:card\" content=\"summary_large_image\" \/>\n<meta name=\"twitter:site\" content=\"@seobility_net\" \/>\n<meta name=\"twitter:label1\" content=\"Gesch\u00e4tzte Lesezeit\" \/>\n\t<meta name=\"twitter:data1\" content=\"2 Minuten\" \/>\n<script type=\"application\/ld+json\" class=\"yoast-schema-graph\">{\"@context\":\"https:\/\/schema.org\",\"@graph\":[{\"@type\":\"WebPage\",\"@id\":\"https:\/\/www.seobility.net\/de\/impressum\/\",\"url\":\"https:\/\/www.seobility.net\/de\/impressum\/\",\"name\":\"Impressum &#8211; Seobility\",\"isPartOf\":{\"@id\":\"https:\/\/www.seobility.net\/de\/#website\"},\"datePublished\":\"2024-04-17T10:36:43+00:00\",\"dateModified\":\"2025-01-09T09:48:04+00:00\",\"breadcrumb\":{\"@id\":\"https:\/\/www.seobility.net\/de\/impressum\/#breadcrumb\"},\"inLanguage\":\"de-DE\",\"potentialAction\":[{\"@type\":\"ReadAction\",\"target\":[\"https:\/\/www.seobility.net\/de\/impressum\/\"]}]},{\"@type\":\"BreadcrumbList\",\"@id\":\"https:\/\/www.seobility.net\/de\/impressum\/#breadcrumb\",\"itemListElement\":[{\"@type\":\"ListItem\",\"position\":1,\"name\":\"Home\",\"item\":\"https:\/\/www.seobility.net\/de\/\"},{\"@type\":\"ListItem\",\"position\":2,\"name\":\"Impressum\",\"item\":\"https:\/\/www.seobility.net\/de\/wp-json\/wp\/v2\/pages\/30716\/\"}]},{\"@type\":\"WebSite\",\"@id\":\"https:\/\/www.seobility.net\/de\/#website\",\"url\":\"https:\/\/www.seobility.net\/de\/\",\"name\":\"Seobility\",\"description\":\"Online SEO Software &amp; Tools For Better Rankings\",\"potentialAction\":[{\"@type\":\"SearchAction\",\"target\":{\"@type\":\"EntryPoint\",\"urlTemplate\":\"https:\/\/www.seobility.net\/de\/?s={search_term_string}\"},\"query-input\":{\"@type\":\"PropertyValueSpecification\",\"valueRequired\":true,\"valueName\":\"search_term_string\"}}],\"inLanguage\":\"de-DE\"}]}<\/script>\n<!-- \/ Yoast SEO plugin. -->","yoast_head_json":{"title":"Impressum &#8211; Seobility","robots":{"index":"noindex","follow":"follow"},"og_locale":"de_DE","og_type":"article","og_title":"Impressum &#8211; Seobility","og_description":"Anbieter und Betreiberdaten seobility GmbH Willy-Brandt-Platz 1690402 N\u00fcrnbergDeutschland \/ Germany Vertreten durch den Gesch\u00e4ftsf\u00fchrer: Matthias Lugert Kontakt Informationen Telefon: +49 911 23756261 Fax: +49 911 99287499 E-Mail: info@seobility.net Bankverbindung Kontonummer: 12212551 Bankleitzahl: 76050101 Institut: Sparkasse N\u00fcrnberg IBAN: DE58 7605 0101 0012 2125 51 BIC: SSKNDE77XXX SEPA Gl\u00e4ubiger-ID: DE04ZZZ00001491369 Steuer und Registereintrag USt-IdNr.: DE 272712190 Registergericht: [&hellip;]","og_url":"https:\/\/www.seobility.net\/de\/impressum\/","og_site_name":"Seobility","article_publisher":"https:\/\/www.facebook.com\/seobility.net\/","article_modified_time":"2025-01-09T09:48:04+00:00","og_image":[{"width":1200,"height":630,"url":"https:\/\/www.seobility.net\/wp-content\/uploads\/2025\/06\/seobility-og-image.png","type":"image\/png"}],"twitter_card":"summary_large_image","twitter_site":"@seobility_net","twitter_misc":{"Gesch\u00e4tzte Lesezeit":"2 Minuten"},"schema":{"@context":"https:\/\/schema.org","@graph":[{"@type":"WebPage","@id":"https:\/\/www.seobility.net\/de\/impressum\/","url":"https:\/\/www.seobility.net\/de\/impressum\/","name":"Impressum &#8211; Seobility","isPartOf":{"@id":"https:\/\/www.seobility.net\/de\/#website"},"datePublished":"2024-04-17T10:36:43+00:00","dateModified":"2025-01-09T09:48:04+00:00","breadcrumb":{"@id":"https:\/\/www.seobility.net\/de\/impressum\/#breadcrumb"},"inLanguage":"de-DE","potentialAction":[{"@type":"ReadAction","target":["https:\/\/www.seobility.net\/de\/impressum\/"]}]},{"@type":"BreadcrumbList","@id":"https:\/\/www.seobility.net\/de\/impressum\/#breadcrumb","itemListElement":[{"@type":"ListItem","position":1,"name":"Home","item":"https:\/\/www.seobility.net\/de\/"},{"@type":"ListItem","position":2,"name":"Impressum","item":"https:\/\/www.seobility.net\/de\/wp-json\/wp\/v2\/pages\/30716\/"}]},{"@type":"WebSite","@id":"https:\/\/www.seobility.net\/de\/#website","url":"https:\/\/www.seobility.net\/de\/","name":"Seobility","description":"Online SEO Software &amp; Tools For Better Rankings","potentialAction":[{"@type":"SearchAction","target":{"@type":"EntryPoint","urlTemplate":"https:\/\/www.seobility.net\/de\/?s={search_term_string}"},"query-input":{"@type":"PropertyValueSpecification","valueRequired":true,"valueName":"search_term_string"}}],"inLanguage":"de-DE"}]}},"_links":{"self":[{"href":"https:\/\/www.seobility.net\/de\/wp-json\/wp\/v2\/pages\/30716","targetHints":{"allow":["GET"]}}],"collection":[{"href":"https:\/\/www.seobility.net\/de\/wp-json\/wp\/v2\/pages"}],"about":[{"href":"https:\/\/www.seobility.net\/de\/wp-json\/wp\/v2\/types\/page"}],"author":[{"embeddable":true,"href":"https:\/\/www.seobility.net\/de\/wp-json\/wp\/v2\/users\/33"}],"replies":[{"embeddable":true,"href":"https:\/\/www.seobility.net\/de\/wp-json\/wp\/v2\/comments?post=30716"}],"version-history":[{"count":0,"href":"https:\/\/www.seobility.net\/de\/wp-json\/wp\/v2\/pages\/30716\/revisions"}],"wp:attachment":[{"href":"https:\/\/www.seobility.net\/de\/wp-json\/wp\/v2\/media?parent=30716"}],"curies":[{"name":"wp","href":"https:\/\/api.w.org\/{rel}","templated":true}]}}