{"id":29549,"date":"2024-03-10T21:03:28","date_gmt":"2024-03-10T21:03:28","guid":{"rendered":"https:\/\/www.seobility.net\/blog\/"},"modified":"2025-06-16T14:59:28","modified_gmt":"2025-06-16T14:59:28","slug":"blog","status":"publish","type":"page","link":"https:\/\/www.seobility.net\/de\/blog\/","title":{"rendered":"Blog"},"content":{"rendered":"","protected":false},"excerpt":{"rendered":"","protected":false},"author":1,"featured_media":0,"parent":0,"menu_order":0,"comment_status":"closed","ping_status":"closed","template":"template-blog-archive.php","meta":{"_acf_changed":false,"inline_featured_image":false,"footnotes":""},"class_list":["post-29549","page","type-page","status-publish","hentry"],"acf":[],"yoast_head":"<!-- This site is optimized with the Yoast SEO plugin v27.2 - https:\/\/yoast.com\/product\/yoast-seo-wordpress\/ -->\n<title>Seobility Blog - Praxisnahe und anf\u00e4ngerfreundliche SEO-Guides<\/title>\n<meta name=\"description\" content=\"Unsere Artikel unterst\u00fctzen Dich dabei, Deine Website zu optimieren und h\u00e4ufige SEO-Probleme zu l\u00f6sen. Von echten SEO-Experten geschrieben.\" \/>\n<meta name=\"robots\" content=\"index, follow, max-snippet:-1, max-image-preview:large, max-video-preview:-1\" \/>\n<link rel=\"canonical\" href=\"\/de\/blog\/\" \/>\n<meta property=\"og:locale\" content=\"de_DE\" \/>\n<meta property=\"og:type\" content=\"article\" \/>\n<meta property=\"og:title\" content=\"Seobility Blog - Praxisnahe und anf\u00e4ngerfreundliche SEO-Guides\" \/>\n<meta property=\"og:description\" content=\"Unsere Artikel unterst\u00fctzen Dich dabei, Deine Website zu optimieren und h\u00e4ufige SEO-Probleme zu l\u00f6sen. Von echten SEO-Experten geschrieben.\" \/>\n<meta property=\"og:url\" content=\"\/de\/blog\/\" \/>\n<meta property=\"og:site_name\" content=\"Seobility\" \/>\n<meta property=\"article:publisher\" content=\"https:\/\/www.facebook.com\/seobility.net\/\" \/>\n<meta property=\"article:modified_time\" content=\"2025-06-16T14:59:28+00:00\" \/>\n<meta property=\"og:image\" content=\"https:\/\/www.seobility.net\/wp-content\/uploads\/2025\/06\/seobility-og-image.png\" \/>\n\t<meta property=\"og:image:width\" content=\"1200\" \/>\n\t<meta property=\"og:image:height\" content=\"630\" \/>\n\t<meta property=\"og:image:type\" content=\"image\/png\" \/>\n<meta name=\"twitter:card\" content=\"summary_large_image\" \/>\n<meta name=\"twitter:site\" content=\"@seobility_net\" \/>\n<script type=\"application\/ld+json\" class=\"yoast-schema-graph\">{\"@context\":\"https:\/\/schema.org\",\"@graph\":[{\"@type\":\"WebPage\",\"@id\":\"https:\/\/www.seobility.net\/de\/blog\/\",\"url\":\"\/de\/blog\/\",\"name\":\"Seobility Blog - Praxisnahe und anf\u00e4ngerfreundliche SEO-Guides\",\"isPartOf\":{\"@id\":\"https:\/\/www.seobility.net\/de\/#website\"},\"datePublished\":\"2024-03-10T21:03:28+00:00\",\"dateModified\":\"2025-06-16T14:59:28+00:00\",\"description\":\"Unsere Artikel unterst\u00fctzen Dich dabei, Deine Website zu optimieren und h\u00e4ufige SEO-Probleme zu l\u00f6sen. Von echten SEO-Experten geschrieben.\",\"breadcrumb\":{\"@id\":\"\/de\/blog\/#breadcrumb\"},\"inLanguage\":\"de-DE\",\"potentialAction\":[{\"@type\":\"ReadAction\",\"target\":[\"\/de\/blog\/\"]}]},{\"@type\":\"BreadcrumbList\",\"@id\":\"\/de\/blog\/#breadcrumb\",\"itemListElement\":[{\"@type\":\"ListItem\",\"position\":1,\"name\":\"Home\",\"item\":\"https:\/\/www.seobility.net\/de\/\"},{\"@type\":\"ListItem\",\"position\":2,\"name\":\"Blog\",\"item\":\"https:\/\/www.seobility.net\/de\/wp-json\/wp\/v2\/pages\/29549\/\"}]},{\"@type\":\"WebSite\",\"@id\":\"https:\/\/www.seobility.net\/de\/#website\",\"url\":\"https:\/\/www.seobility.net\/de\/\",\"name\":\"Seobility\",\"description\":\"Online SEO Software &amp; Tools For Better Rankings\",\"potentialAction\":[{\"@type\":\"SearchAction\",\"target\":{\"@type\":\"EntryPoint\",\"urlTemplate\":\"https:\/\/www.seobility.net\/de\/?s={search_term_string}\"},\"query-input\":{\"@type\":\"PropertyValueSpecification\",\"valueRequired\":true,\"valueName\":\"search_term_string\"}}],\"inLanguage\":\"de-DE\"}]}<\/script>\n<!-- \/ Yoast SEO plugin. -->","yoast_head_json":{"title":"Seobility Blog - Praxisnahe und anf\u00e4ngerfreundliche SEO-Guides","description":"Unsere Artikel unterst\u00fctzen Dich dabei, Deine Website zu optimieren und h\u00e4ufige SEO-Probleme zu l\u00f6sen. Von echten SEO-Experten geschrieben.","robots":{"index":"index","follow":"follow","max-snippet":"max-snippet:-1","max-image-preview":"max-image-preview:large","max-video-preview":"max-video-preview:-1"},"canonical":"\/de\/blog\/","og_locale":"de_DE","og_type":"article","og_title":"Seobility Blog - Praxisnahe und anf\u00e4ngerfreundliche SEO-Guides","og_description":"Unsere Artikel unterst\u00fctzen Dich dabei, Deine Website zu optimieren und h\u00e4ufige SEO-Probleme zu l\u00f6sen. Von echten SEO-Experten geschrieben.","og_url":"\/de\/blog\/","og_site_name":"Seobility","article_publisher":"https:\/\/www.facebook.com\/seobility.net\/","article_modified_time":"2025-06-16T14:59:28+00:00","og_image":[{"width":1200,"height":630,"url":"https:\/\/www.seobility.net\/wp-content\/uploads\/2025\/06\/seobility-og-image.png","type":"image\/png"}],"twitter_card":"summary_large_image","twitter_site":"@seobility_net","schema":{"@context":"https:\/\/schema.org","@graph":[{"@type":"WebPage","@id":"https:\/\/www.seobility.net\/de\/blog\/","url":"\/de\/blog\/","name":"Seobility Blog - Praxisnahe und anf\u00e4ngerfreundliche SEO-Guides","isPartOf":{"@id":"https:\/\/www.seobility.net\/de\/#website"},"datePublished":"2024-03-10T21:03:28+00:00","dateModified":"2025-06-16T14:59:28+00:00","description":"Unsere Artikel unterst\u00fctzen Dich dabei, Deine Website zu optimieren und h\u00e4ufige SEO-Probleme zu l\u00f6sen. Von echten SEO-Experten geschrieben.","breadcrumb":{"@id":"\/de\/blog\/#breadcrumb"},"inLanguage":"de-DE","potentialAction":[{"@type":"ReadAction","target":["\/de\/blog\/"]}]},{"@type":"BreadcrumbList","@id":"\/de\/blog\/#breadcrumb","itemListElement":[{"@type":"ListItem","position":1,"name":"Home","item":"https:\/\/www.seobility.net\/de\/"},{"@type":"ListItem","position":2,"name":"Blog","item":"https:\/\/www.seobility.net\/de\/wp-json\/wp\/v2\/pages\/29549\/"}]},{"@type":"WebSite","@id":"https:\/\/www.seobility.net\/de\/#website","url":"https:\/\/www.seobility.net\/de\/","name":"Seobility","description":"Online SEO Software &amp; Tools For Better Rankings","potentialAction":[{"@type":"SearchAction","target":{"@type":"EntryPoint","urlTemplate":"https:\/\/www.seobility.net\/de\/?s={search_term_string}"},"query-input":{"@type":"PropertyValueSpecification","valueRequired":true,"valueName":"search_term_string"}}],"inLanguage":"de-DE"}]}},"_links":{"self":[{"href":"https:\/\/www.seobility.net\/de\/wp-json\/wp\/v2\/pages\/29549","targetHints":{"allow":["GET"]}}],"collection":[{"href":"https:\/\/www.seobility.net\/de\/wp-json\/wp\/v2\/pages"}],"about":[{"href":"https:\/\/www.seobility.net\/de\/wp-json\/wp\/v2\/types\/page"}],"author":[{"embeddable":true,"href":"https:\/\/www.seobility.net\/de\/wp-json\/wp\/v2\/users\/1"}],"replies":[{"embeddable":true,"href":"https:\/\/www.seobility.net\/de\/wp-json\/wp\/v2\/comments?post=29549"}],"version-history":[{"count":0,"href":"https:\/\/www.seobility.net\/de\/wp-json\/wp\/v2\/pages\/29549\/revisions"}],"wp:attachment":[{"href":"https:\/\/www.seobility.net\/de\/wp-json\/wp\/v2\/media?parent=29549"}],"curies":[{"name":"wp","href":"https:\/\/api.w.org\/{rel}","templated":true}]}}